{"id":2449,"date":"2023-03-09T12:40:04","date_gmt":"2023-03-09T10:40:04","guid":{"rendered":"https:\/\/rosehiphill.ro\/?page_id=2449"},"modified":"2023-05-30T17:41:47","modified_gmt":"2023-05-30T14:41:47","slug":"teambuilding","status":"publish","type":"page","link":"https:\/\/rosehiphill.ro\/en\/teambuilding\/","title":{"rendered":"Teambuilding"},"content":{"rendered":"<h4>Teambuilding<\/h4>\n<h1>Rose Hip Hill<\/h1>\n<hr>\n<h2>The Rose Hip Hill Guesthouse it's an ideal place for family events and adult camps<\/h2>\n<div>\n<p>The Rose Hip Hill Guesthouse can also be rented to companies for team building, training and other events.<\/p>\n<p>Perhaps the most important objective of team building programs is to develop a deeper relationship between peers. We believe that in order to achieve this it is essential to choose an environment where company members can escape the hustle and bustle of the city and forget about their daily work and tasks.<\/p>\n<p>Rose Hip Hill Guesthouse is a truly peaceful, authentic location that, through its proximity to nature, not only helps team members to exclude everyday city life and focus on each other, but also creates a truly inspiring and creative environment for them.<\/p>\n<\/div>\n<p><img decoding=\"async\" src=\"\/wp-content\/uploads\/2023\/05\/FB_IMG_1680777676256.jpg\" alt=\"\" title=\"\"><\/p>\n<h1><span>A teambuilding in the middle of nature, away from everyday life, brings colleagues closer together<\/span><\/h1>\n<p><img decoding=\"async\" src=\"\/wp-content\/uploads\/2023\/05\/Dark-Gray-Modern-Clean-Grid-Interior-Mood-Boards-Photo-Collage.png\" alt=\"\" title=\"\"><\/p>\n<div>\n<p>Rose Hip Hill Guesthouse is a favorite meeting place for families. Rooms are spacious and designed to accommodate families with more than one child.  The attic is particularly popular with children. The spacious common areas - large living room, upstairs common area - offer the opportunity to do more activities at the same time.<\/p>\n<\/div>\n<div>\n<ul>\n<li>recreation camps<\/li>\n<li>teambuilding for companies<\/li>\n<li>birthdays, christenings<\/li>\n<li>major<\/li>\n<li>engagement<\/li>\n<li>family gatherings<\/li>\n<\/ul>\n<\/div>\n<h1><span>Family events celebrated in a friendly setting create unforgettable memories<\/span><\/h1>\n<p><!--more--><br \/>\n<!-- {\"type\":\"layout\",\"children\":[{\"type\":\"section\",\"props\":{\"height\":\"section\",\"image\":\"wp-content\\\/uploads\\\/2023\\\/04\\\/FB_IMG_1680777664933.jpg\",\"image_effect\":\"parallax\",\"image_parallax_bgx\":\"0 0%\",\"image_parallax_bgy\":\"130\",\"image_position\":\"center-center\",\"image_size\":\"cover\",\"sticky\":\"\",\"style\":\"default\",\"title_breakpoint\":\"xl\",\"title_position\":\"top-left\",\"title_rotation\":\"left\",\"vertical_align\":\"middle\",\"width\":\"\"},\"children\":[{\"type\":\"row\",\"children\":[{\"type\":\"column\",\"props\":{\"image\":\"\",\"image_effect\":\"parallax\",\"image_parallax_bgy\":\"30\",\"image_position\":\"center-center\",\"image_size\":\"contain\",\"media_overlay_gradient\":\"\",\"position_sticky_breakpoint\":\"m\",\"vertical_align\":\"middle\"},\"children\":[{\"type\":\"divider\",\"props\":{\"css\":\".el-element {\\nopacity: 0;\\n}\",\"divider_element\":\"div\",\"divider_style\":\"vertical\"}},{\"type\":\"headline\",\"props\":{\"content\":\"Teambuilding\",\"css\":\".el-element {\\nfilter: drop-shadow(2px 1px 3px rgb(0 0 0 \\\/ 0.86));\\n}\",\"margin_remove_bottom\":true,\"text_align\":\"center\",\"title_color\":\"warning\",\"title_element\":\"h4\",\"title_style\":\"text-large\"}},{\"type\":\"headline\",\"props\":{\"content\":\"Rose Hip Hill\",\"css\":\".el-element {\\nfilter: drop-shadow(2px 1px 3px rgb(0 0 0 \\\/ 0.86));\\n}\",\"margin_remove_top\":true,\"text_align\":\"center\",\"title_color\":\"warning\",\"title_element\":\"h1\",\"title_style\":\"heading-large\"}},{\"type\":\"divider\",\"props\":{\"css\":\".el-element  {\\nfilter: invert(100%) sepia(100%) saturate(0%) brightness(150%) contrast(150%) drop-shadow(2px 1px 3px rgb(0 0 0 \\\/ 0.86));;\\n}\",\"divider_element\":\"hr\",\"divider_style\":\"icon\"}}]}],\"props\":{\"margin\":\"xlarge\",\"match\":false,\"row_gap\":\"large\"}}]},{\"type\":\"section\",\"props\":{\"image_position\":\"center-center\",\"overlap\":false,\"style\":\"default\",\"title_breakpoint\":\"xl\",\"title_position\":\"top-left\",\"title_rotation\":\"left\",\"vertical_align\":\"middle\",\"width\":\"default\"},\"children\":[{\"type\":\"row\",\"children\":[{\"type\":\"column\",\"props\":{\"image_position\":\"center-center\",\"media_overlay_gradient\":\"\",\"position_sticky_breakpoint\":\"m\"},\"children\":[{\"type\":\"headline\",\"props\":{\"content\":\"Agropensiunea Rose Hip Hill, un loc ideal pentru organizarea evenimentelor de familie \\u0219i tabere pentru adul\\u021bi\",\"title_color\":\"emphasis\",\"title_decoration\":\"bullet\",\"title_element\":\"h2\"}}]}]}]},{\"name\":\"Hero\",\"type\":\"section\",\"props\":{\"image\":\"wp-content\\\/themes\\\/yootheme\\\/vendor\\\/yootheme\\\/theme\\\/assets\\\/images\\\/element-image-placeholder.png\",\"image_position\":\"center-left\",\"media_visibility\":\"xl\",\"padding\":\"small\",\"padding_remove_bottom\":true,\"padding_remove_top\":true,\"style\":\"default\",\"title\":\"Provided Physiotherapies\",\"title_breakpoint\":\"xl\",\"title_position\":\"center-right\",\"title_rotation\":\"left\",\"vertical_align\":\"middle\",\"width\":\"default\"},\"children\":[{\"name\":\"\",\"type\":\"row\",\"props\":{\"column_gap\":\"large\",\"layout\":\"1-2,1-2\",\"row_gap\":\"large\",\"vertical_align\":true},\"children\":[{\"name\":\"\",\"type\":\"column\",\"props\":{\"image_position\":\"center-center\",\"media_overlay_gradient\":\"\",\"position_sticky_breakpoint\":\"m\",\"vertical_align\":\"middle\",\"width_medium\":\"1-2\"},\"children\":[{\"name\":\"\",\"type\":\"text\",\"props\":{\"column_breakpoint\":\"m\",\"content\":\"\n\n<p>Agropensiunea Rose Hip Hill se poate inchiria si pentru companii pentru team building, training si alte evenimente.<\\\/p>\\n\n\n<p>Poate cel mai important obiectiv al programelor de team building este dezvoltarea unei rela\\u021bii mai profunde \\u00een echip\\u0103. Credem c\\u0103 pentru a realiza acest lucru este esen\\u021bial s\\u0103 alegem un mediu \\u00een care membrii companiei s\\u0103 poat\\u0103 evada din agita\\u021bia ora\\u0219ului \\u0219i s\\u0103 uite de munca \\u0219i sarcinile lor zilnice.<\\\/p>\\n\n\n<p>Agropensiunea Rose Hip Hill este o loca\\u021bie cu adev\\u0103rat lini\\u0219tit\\u0103, autentic\\u0103, care, prin apropierea sa de natur\\u0103, nu numai c\\u0103 ajut\\u0103 membrii echipei s\\u0103 exclud\\u0103 via\\u021ba de zi cu zi a ora\\u0219ului \\u0219i s\\u0103 se concentreze unii pe al\\u021bii, dar creeaz\\u0103 \\u0219i un mediu cu adev\\u0103rat inspirator \\u0219i creativ pentru ei.<\\\/p>\",\"margin\":\"default\"}}]},{\"name\":\"\",\"type\":\"column\",\"props\":{\"image_position\":\"center-center\",\"media_overlay_gradient\":\"\",\"order_first\":\"m\",\"position_sticky_breakpoint\":\"m\",\"width_medium\":\"1-2\"},\"children\":[{\"type\":\"image\",\"props\":{\"image\":\"wp-content\\\/uploads\\\/2023\\\/05\\\/FB_IMG_1680777676256.jpg\",\"image_svg_color\":\"emphasis\",\"margin\":\"default\"}}]}]},{\"type\":\"row\",\"children\":[{\"type\":\"column\",\"props\":{\"image_position\":\"center-center\",\"media_overlay_gradient\":\"\",\"padding\":\"xsmall\",\"position_sticky\":\"section\",\"position_sticky_breakpoint\":\"m\",\"style\":\"muted\",\"vertical_align\":\"middle\"},\"children\":[{\"name\":\"\",\"type\":\"headline\",\"props\":{\"class\":\"\",\"content\":\"<span>Un teambuilding \\u00een mijlocul naturii, departe de cotidian, aduce mai aproape colegii<\\\/span>\",\"margin\":\"medium\",\"margin_remove_bottom\":true,\"title_element\":\"h1\",\"title_font_family\":\"primary\",\"title_style\":\"h4\"}}]}]}]},{\"name\":\"Hero\",\"type\":\"section\",\"props\":{\"image\":\"wp-content\\\/themes\\\/yootheme\\\/vendor\\\/yootheme\\\/theme\\\/assets\\\/images\\\/element-image-placeholder.png\",\"image_position\":\"center-left\",\"media_visibility\":\"xl\",\"padding\":\"small\",\"padding_remove_bottom\":true,\"padding_remove_top\":false,\"style\":\"default\",\"title\":\"Provided Physiotherapies\",\"title_breakpoint\":\"xl\",\"title_position\":\"center-right\",\"title_rotation\":\"left\",\"vertical_align\":\"middle\",\"width\":\"default\"},\"children\":[{\"name\":\"\",\"type\":\"row\",\"props\":{\"column_gap\":\"large\",\"divider\":false,\"layout\":\"1-2,1-2\",\"row_gap\":\"large\",\"vertical_align\":true},\"children\":[{\"name\":\"\",\"type\":\"column\",\"props\":{\"image_position\":\"center-center\",\"media_overlay_gradient\":\"\",\"position_sticky_breakpoint\":\"m\",\"vertical_align\":\"middle\",\"width_medium\":\"1-2\"},\"children\":[{\"type\":\"image\",\"props\":{\"image\":\"wp-content\\\/uploads\\\/2023\\\/05\\\/Dark-Gray-Modern-Clean-Grid-Interior-Mood-Boards-Photo-Collage.png\",\"image_svg_color\":\"emphasis\",\"margin\":\"default\"}}]},{\"name\":\"\",\"type\":\"column\",\"props\":{\"image_position\":\"center-center\",\"media_overlay_gradient\":\"\",\"order_first\":\"m\",\"position_sticky_breakpoint\":\"m\",\"width_medium\":\"1-2\"},\"children\":[{\"name\":\"\",\"type\":\"text\",\"props\":{\"column_breakpoint\":\"m\",\"content\":\"\n\n<p>Agropensiunea Rose Hip Hill este locul preferat de \\u00eent\\u00e2lnire pentru familii. Camerele sunt spa\\u021bioase \\u0219i proiectate astfel \\u00eenc\\u00e2t s\\u0103 acomodeze \\u0219i familiile cu mai mul\\u021bi copii.\\u00a0 Atticul este deosebit de popular \\u00een r\\u00e2ndul copiilor. Spa\\u021biile comune \\u00eenc\\u0103p\\u0103toare - sufragerie mare, living, spa\\u021biu comun la etaj - ofer\\u0103 posibilitatea desf\\u0103\\u0219ur\\u0103rii mai multor activit\\u0103\\u021bi \\u00een acela\\u0219i timp.<\\\/p>\",\"margin\":\"default\"}},{\"type\":\"text\",\"props\":{\"column_breakpoint\":\"m\",\"content\":\"\n\n<ul>\\n\n\n<li>tabere de recreere<\\\/li>\\n\n\n<li>teambuilding pentru firme<\\\/li>\\n\n\n<li>zile de na\\u0219tere, botez<\\\/li>\\n\n\n<li>majorat<\\\/li>\\n\n\n<li>logodn\\u0103<\\\/li>\\n\n\n<li>\\u00eent\\u00e2lniri de familie<\\\/li>\\n<\\\/ul>\",\"margin\":\"default\"}}]}]},{\"type\":\"row\",\"children\":[{\"type\":\"column\",\"props\":{\"image_position\":\"center-center\",\"media_overlay_gradient\":\"\",\"padding\":\"xsmall\",\"position_sticky\":\"row\",\"position_sticky_breakpoint\":\"m\",\"style\":\"muted\",\"vertical_align\":\"middle\"},\"children\":[{\"name\":\"\",\"type\":\"headline\",\"props\":{\"class\":\"\",\"content\":\"<span>Evenimentele de familie s\\u0103rb\\u0103torite \\u00eentr-un cadru prietenos creeaz\\u0103 amintiri de neuitat<\\\/span>\",\"margin\":\"medium\",\"margin_remove_bottom\":true,\"title_element\":\"h1\",\"title_font_family\":\"primary\",\"title_style\":\"h4\"}}]}],\"props\":{\"divider\":false}}]}],\"version\":\"3.0.32\"} --><\/p>","protected":false},"excerpt":{"rendered":"<p>Teambuilding Rose Hip Hill Agropensiunea Rose Hip Hill, un loc ideal pentru organizarea evenimentelor de familie \u0219i tabere pentru adul\u021bi Agropensiunea Rose Hip Hill se poate inchiria si pentru companii pentru team building, training si alte evenimente. Poate cel mai important obiectiv al programelor de team building este dezvoltarea unei rela\u021bii mai profunde \u00een echip\u0103. [&hellip;]<\/p>","protected":false},"author":2,"featured_media":0,"parent":0,"menu_order":0,"comment_status":"closed","ping_status":"closed","template":"","meta":{"_acf_changed":false,"footnotes":""},"class_list":["post-2449","page","type-page","status-publish","hentry"],"acf":[],"jetpack_sharing_enabled":true,"jetpack_likes_enabled":true,"jetpack-related-posts":[{"id":2606,"url":"https:\/\/rosehiphill.ro\/en\/servicii\/","url_meta":{"origin":2449,"position":0},"title":"Servicii","author":"Nicolaie Toth","date":"16 March, 2023","format":false,"excerpt":"Servicii Rose Hip Hill La ferma Rose Hip Hill, pe l\u00e2ng\u0103 cultivarea fructelor, a plantelor organice \u0219i cre\u0219terea animalelor, oferim \u0219i cazare pentru oaspe\u021bi, \u00eentr-o loca\u021bie potrivit\u0103 pentru evenimente de familie, \u0219i teambuilding.\u00a0 Descoper\u0103 natura \u00een dealurile fabuloase ale Transilvaniei.Cei care aleg s\u0103 se cazeze la ferma noastr\u0103, pot lua\u2026","rel":"","context":"Similar post","block_context":{"text":"Similar post","link":""},"img":{"alt_text":"","src":"https:\/\/i0.wp.com\/rosehiphill.ro\/wp-content\/uploads\/2023\/03\/Rosehiphill-Guesthouse-living-2.jpg?resize=350%2C200&ssl=1","width":350,"height":200,"srcset":"https:\/\/i0.wp.com\/rosehiphill.ro\/wp-content\/uploads\/2023\/03\/Rosehiphill-Guesthouse-living-2.jpg?resize=350%2C200&ssl=1 1x, https:\/\/i0.wp.com\/rosehiphill.ro\/wp-content\/uploads\/2023\/03\/Rosehiphill-Guesthouse-living-2.jpg?resize=525%2C300&ssl=1 1.5x, https:\/\/i0.wp.com\/rosehiphill.ro\/wp-content\/uploads\/2023\/03\/Rosehiphill-Guesthouse-living-2.jpg?resize=700%2C400&ssl=1 2x"},"classes":[]},{"id":2631,"url":"https:\/\/rosehiphill.ro\/en\/cazare-la-agropensiune\/","url_meta":{"origin":2449,"position":1},"title":"Cazare la agropensiune","author":"Nicolaie Toth","date":"18 March, 2023","format":false,"excerpt":"Cazare la agropensiune Rose Hip Hill Agropensiunea Rose Hip Hill, v\u0103\u00a0 a\u0219teapt\u0103 \u00eentr-un peisaj pitoresc, retras \u0219i lini\u0219tit O construc\u021bie luminoas\u0103 cu design minimalist \u0219i dot\u0103ri maximale, av\u00e2nd un peisaj pitoresc, pensiunea noastr\u0103 \u00ee\u0219i prime\u0219te oaspe\u021bii cu un confort or\u0103\u0219enesc, de\u0219i este a\u0219ezat\u0103 \u00eentr-o livad\u0103 tradi\u021bional\u0103 de patru hectare, aproape\u2026","rel":"","context":"Similar post","block_context":{"text":"Similar post","link":""},"img":{"alt_text":"","src":"https:\/\/i0.wp.com\/rosehiphill.ro\/wp-content\/uploads\/2023\/03\/Rosehiphill-Guesthouse-Elder-1.jpg?resize=350%2C200&ssl=1","width":350,"height":200,"srcset":"https:\/\/i0.wp.com\/rosehiphill.ro\/wp-content\/uploads\/2023\/03\/Rosehiphill-Guesthouse-Elder-1.jpg?resize=350%2C200&ssl=1 1x, https:\/\/i0.wp.com\/rosehiphill.ro\/wp-content\/uploads\/2023\/03\/Rosehiphill-Guesthouse-Elder-1.jpg?resize=525%2C300&ssl=1 1.5x, https:\/\/i0.wp.com\/rosehiphill.ro\/wp-content\/uploads\/2023\/03\/Rosehiphill-Guesthouse-Elder-1.jpg?resize=700%2C400&ssl=1 2x"},"classes":[]},{"id":2794,"url":"https:\/\/rosehiphill.ro\/en\/blog\/","url_meta":{"origin":2449,"position":2},"title":"Blog","author":"Nicolaie Toth","date":"21 March, 2023","format":false,"excerpt":"Blog Rose Hip Hill Hai s\u0103 bem o cafea... Vom \u00eemp\u0103rt\u0103\u0219i nout\u0103\u021bi de la Rose Hip Hill, despre via\u021ba la \u021bar\u0103, ideile \u0219i principiile noastre... Carnea de Capr\u0103 de la Rose Hip Hill 14 August 2025 La Rose Hip Hill, carnea de capr\u0103 este ingredientul principal \u00een preparate variate, cum\u2026","rel":"","context":"Similar post","block_context":{"text":"Similar post","link":""},"img":{"alt_text":"","src":"https:\/\/i0.wp.com\/rosehiphill.ro\/wp-content\/uploads\/2023\/05\/1160066-scaled.jpg?resize=350%2C200&ssl=1","width":350,"height":200,"srcset":"https:\/\/i0.wp.com\/rosehiphill.ro\/wp-content\/uploads\/2023\/05\/1160066-scaled.jpg?resize=350%2C200&ssl=1 1x, https:\/\/i0.wp.com\/rosehiphill.ro\/wp-content\/uploads\/2023\/05\/1160066-scaled.jpg?resize=525%2C300&ssl=1 1.5x, https:\/\/i0.wp.com\/rosehiphill.ro\/wp-content\/uploads\/2023\/05\/1160066-scaled.jpg?resize=700%2C400&ssl=1 2x, https:\/\/i0.wp.com\/rosehiphill.ro\/wp-content\/uploads\/2023\/05\/1160066-scaled.jpg?resize=1050%2C600&ssl=1 3x, https:\/\/i0.wp.com\/rosehiphill.ro\/wp-content\/uploads\/2023\/05\/1160066-scaled.jpg?resize=1400%2C800&ssl=1 4x"},"classes":[]},{"id":2875,"url":"https:\/\/rosehiphill.ro\/en\/despre-noi\/","url_meta":{"origin":2449,"position":3},"title":"Despre noi","author":"Nicolaie Toth","date":"24 March, 2023","format":false,"excerpt":"Despre noi Rose Hip Hill Ferma Rose Hip Hill este acas\u0103 pentru familia noastr\u0103, dar \u0219i pentru cei care petrec c\u00e2teva zile la noi. C\u00e2nd fumul devine prea dens \u0219i zgomotul devine prea puternic \u00een ora\u0219, oamenii nu \u00ee\u0219i doresc doar s\u0103 tr\u0103iasc\u0103 la \u021bar\u0103, ci \u00ee\u0219i doresc un loc\u2026","rel":"","context":"Similar post","block_context":{"text":"Similar post","link":""},"img":{"alt_text":"","src":"https:\/\/i0.wp.com\/rosehiphill.ro\/wp-content\/uploads\/2023\/03\/galerie-camera-plum.jpg?resize=350%2C200&ssl=1","width":350,"height":200,"srcset":"https:\/\/i0.wp.com\/rosehiphill.ro\/wp-content\/uploads\/2023\/03\/galerie-camera-plum.jpg?resize=350%2C200&ssl=1 1x, https:\/\/i0.wp.com\/rosehiphill.ro\/wp-content\/uploads\/2023\/03\/galerie-camera-plum.jpg?resize=525%2C300&ssl=1 1.5x, https:\/\/i0.wp.com\/rosehiphill.ro\/wp-content\/uploads\/2023\/03\/galerie-camera-plum.jpg?resize=700%2C400&ssl=1 2x"},"classes":[]},{"id":3196,"url":"https:\/\/rosehiphill.ro\/en\/","url_meta":{"origin":2449,"position":4},"title":"Acas\u0103","author":"Nicolaie Toth","date":"12 April, 2023","format":false,"excerpt":"Ferm\u0103 -Agropensiune Rose Hip Hill Rose Hip Hill, un loc cu mult\u0103 bun\u0103voin\u021b\u0103 \u0219i binecuv\u00e2nt\u0103ri C\u00e2nd te saturi de prea mult\u0103 poluare \u0219i de zgomotul ora\u0219ului, \u00ee\u021bi dore\u0219ti s\u0103 evadezi la \u021bar\u0103. Ba mai mult, \u00ee\u021bi dore\u0219ti un loc cu case r\u0103sfirate, departe de traficul ma\u0219inilor \u0219i ferit de ochii\u2026","rel":"","context":"Similar post","block_context":{"text":"Similar post","link":""},"img":{"alt_text":"Pensiune Sinteu","src":"https:\/\/i0.wp.com\/rosehiphill.ro\/wp-content\/uploads\/2024\/04\/cropped-RoseHipHill-logo-2024.png?resize=350%2C200&ssl=1","width":350,"height":200},"classes":[]},{"id":2500,"url":"https:\/\/rosehiphill.ro\/en\/evenimente\/","url_meta":{"origin":2449,"position":5},"title":"Evenimente","author":"Nicolaie Toth","date":"9 March, 2023","format":false,"excerpt":"Evenimente Rose Hip Hill Picnic la ferm\u0103, cu familia sau cu prietenii, \u00een sezonul fructelor sau oric\u00e2nd, la mas\u0103 festiv\u0103 sau \u00een aer liber La ferma noastr\u0103 de trei hectare, gardul le ofer\u0103 p\u0103rin\u021bilor un sentiment de siguran\u021b\u0103, dar copiii \u00een acela\u0219i timp simt un sentiment de libertate f\u0103r\u0103 limite.\u2026","rel":"","context":"Similar post","block_context":{"text":"Similar post","link":""},"img":{"alt_text":"","src":"","width":0,"height":0},"classes":[]}],"_links":{"self":[{"href":"https:\/\/rosehiphill.ro\/en\/wp-json\/wp\/v2\/pages\/2449","targetHints":{"allow":["GET"]}}],"collection":[{"href":"https:\/\/rosehiphill.ro\/en\/wp-json\/wp\/v2\/pages"}],"about":[{"href":"https:\/\/rosehiphill.ro\/en\/wp-json\/wp\/v2\/types\/page"}],"author":[{"embeddable":true,"href":"https:\/\/rosehiphill.ro\/en\/wp-json\/wp\/v2\/users\/2"}],"replies":[{"embeddable":true,"href":"https:\/\/rosehiphill.ro\/en\/wp-json\/wp\/v2\/comments?post=2449"}],"version-history":[{"count":3,"href":"https:\/\/rosehiphill.ro\/en\/wp-json\/wp\/v2\/pages\/2449\/revisions"}],"predecessor-version":[{"id":3626,"href":"https:\/\/rosehiphill.ro\/en\/wp-json\/wp\/v2\/pages\/2449\/revisions\/3626"}],"wp:attachment":[{"href":"https:\/\/rosehiphill.ro\/en\/wp-json\/wp\/v2\/media?parent=2449"}],"curies":[{"name":"wp","href":"https:\/\/api.w.org\/{rel}","templated":true}]}}