{"id":2500,"date":"2023-03-09T14:09:52","date_gmt":"2023-03-09T12:09:52","guid":{"rendered":"https:\/\/rosehiphill.ro\/?page_id=2500"},"modified":"2023-06-20T16:55:11","modified_gmt":"2023-06-20T13:55:11","slug":"evenimente","status":"publish","type":"page","link":"https:\/\/rosehiphill.ro\/en\/evenimente\/","title":{"rendered":"Events"},"content":{"rendered":"<h4>Events<\/h4>\n<h1>Rose Hip Hill<\/h1>\n<hr>\n<h2>Picnic on the farm, with family or friends, in fruit season or anytime, at the festive table or outdoors<\/h2>\n<ul>\n<li>\n<p>        <img decoding=\"async\" src=\"\/wp-content\/uploads\/2023\/06\/1190281-scaled.jpg\" alt=\"\" title=\"\"><\/p>\n<\/li>\n<li>\n<p>        <img decoding=\"async\" src=\"\/wp-content\/uploads\/2023\/05\/IMG_6735-scaled.jpg\" alt=\"\" title=\"\"><\/p>\n<\/li>\n<li>\n<p>        <img decoding=\"async\" src=\"\/wp-content\/uploads\/2023\/05\/IMG_6742-scaled.jpg\" alt=\"\" title=\"\"><\/p>\n<\/li>\n<li>\n<p>        <img decoding=\"async\" src=\"\/wp-content\/uploads\/2023\/05\/2019-06-18-092526-scaled.jpg\" alt=\"\" title=\"\"><\/p>\n<\/li>\n<li>\n<p>        <img decoding=\"async\" src=\"\/wp-content\/uploads\/2023\/06\/2023-02-07-162817-4.jpg\" alt=\"\" title=\"\"><\/p>\n<\/li>\n<\/ul>\n<div>\n<p>On our three-hectare farm, the fence gives parents a sense of security, while the children feel a sense of freedom. That's why Rose Hip Hill Farm is a wonderful field trip destination for larger school - kindergarten groups<\/p>\n<p>The children will be delighted to explore the forest playground, tirelessly slide down the ropes course for the hundredth time, get lost in petting and feeding the animals, and even try their hand at milking goats.<br \/>Meanwhile, parents can enjoy the fresh air and carefree relaxation.<\/p>\n<\/div>\n<div>\n<p>A more special birthday party, pizza bake party, garden theatre, can be organised on request at Rose Hip Hill Farm.<\/p>\n<\/div>\n<ul>\n<li>\n<p>        <img decoding=\"async\" src=\"\/wp-content\/uploads\/2023\/05\/IMG_20210721_114943-scaled.jpg\" alt=\"\" title=\"\"><\/p>\n<\/li>\n<li>\n<p>        <img decoding=\"async\" src=\"\/wp-content\/uploads\/2023\/06\/WhatsApp-Image-2023-06-16-at-140052.jpeg\" alt=\"\" title=\"\"><\/p>\n<\/li>\n<li>\n<p>        <img decoding=\"async\" src=\"\/wp-content\/uploads\/2023\/05\/IMG_20210831_181717-scaled.jpg\" alt=\"\" title=\"\"><\/p>\n<\/li>\n<li>\n<p>        <img decoding=\"async\" src=\"\/wp-content\/uploads\/2023\/05\/1140548-1-scaled-e1684847263899.jpg\" alt=\"\" title=\"\"><\/p>\n<\/li>\n<li>\n<p>        <img decoding=\"async\" src=\"\/wp-content\/uploads\/2023\/05\/IMG_20200906_203620-scaled.jpg\" alt=\"\" title=\"\"><\/p>\n<\/li>\n<\/ul>\n<ul>\n<li>\n<p>        <img decoding=\"async\" src=\"\/wp-content\/uploads\/2023\/06\/PSX_20200719_105519-scaled.jpg\" alt=\"\" title=\"\"><\/p>\n<\/li>\n<li>\n<p>        <img decoding=\"async\" src=\"\/wp-content\/uploads\/2023\/05\/IMG_6268-scaled-e1684847382492.jpg\" alt=\"\" title=\"\"><\/p>\n<\/li>\n<li>\n<p>        <img decoding=\"async\" src=\"\/wp-content\/uploads\/2023\/05\/IMG_20200629_151856-scaled-e1684789139680.jpg\" alt=\"\" title=\"\"><\/p>\n<\/li>\n<li>\n<p>        <img decoding=\"async\" src=\"\/wp-content\/uploads\/2023\/06\/IMG_20210624_122411-scaled.jpg\" alt=\"\" title=\"\"><\/p>\n<\/li>\n<li>\n<p>        <img decoding=\"async\" src=\"\/wp-content\/uploads\/2023\/06\/Point-Blur_Jul032020_080447-scaled.jpg\" alt=\"\" title=\"\"><\/p>\n<\/li>\n<\/ul>\n<div>\n<p class=\"translation-block\">Over the years, it has become a tradition at Rose Hip Hill Farm to organise a pick-your-own fruit and lavender.\nFrom June 24 to July 15, you can pick your own Canadian blueberries, red currants and black currants, weather permitting.\nHowever, you can also feast on fresh fruit, which is incomparably tastier when you eat the ripest, freshest berries straight from the bush. \nKids are welcome too, with playground exploration, non-stop zip-lining and animal petting guaranteed to keep them occupied.\nOur plantation is certified organic, far from any environmental pollutants.\nWe offer lemonade and cookies for consumption.<\/p>\n<\/p>\n<\/div>\n<h1>Contact us for details, quotation request, reservation.<\/h1>\n<ul>\n<li><a href=\"https:\/\/www.facebook.com\/rosehiphill\" target=\"_blank\" rel=\"noopener\">facebook<\/a>\n<\/li>\n<li><a href=\"https:\/\/www.instagram.com\/rosehiphill\/\" target=\"_blank\" rel=\"noopener\">instagram<\/a>\n<\/li>\n<li><a href=\"https:\/\/www.youtube.com\/@rosehiphill\" target=\"_blank\" rel=\"noopener\">youtube<\/a>\n<\/li>\n<\/ul>\n<p><!--more--><br \/>\n<!-- {\"type\":\"layout\",\"children\":[{\"type\":\"section\",\"props\":{\"header_transparent\":\"dark\",\"header_transparent_noplaceholder\":false,\"height\":\"section\",\"image\":\"wp-content\\\/uploads\\\/2023\\\/05\\\/IMG_6268-scaled-e1684847382492.jpg\",\"image_effect\":\"parallax\",\"image_parallax_bgx\":\"0 0%\",\"image_parallax_bgy\":\"130\",\"image_position\":\"center-center\",\"image_size\":\"cover\",\"sticky\":\"cover\",\"style\":\"default\",\"title_breakpoint\":\"xl\",\"title_position\":\"top-left\",\"title_rotation\":\"left\",\"vertical_align\":\"middle\",\"width\":\"\"},\"children\":[{\"type\":\"row\",\"children\":[{\"type\":\"column\",\"props\":{\"image_effect\":\"parallax\",\"image_parallax_bgy\":\"30\",\"image_position\":\"center-center\",\"image_size\":\"contain\",\"position_sticky_breakpoint\":\"m\",\"vertical_align\":\"middle\"},\"children\":[{\"type\":\"divider\",\"props\":{\"css\":\".el-element {\\nopacity: 0;\\n}\",\"divider_element\":\"div\",\"divider_style\":\"vertical\"}},{\"type\":\"headline\",\"props\":{\"content\":\"Evenimente\",\"css\":\".el-element {\\nfilter: drop-shadow(2px 1px 3px rgb(0 0 0 \\\/ 0.86));\\n}\",\"margin_remove_bottom\":true,\"text_align\":\"center\",\"title_color\":\"warning\",\"title_element\":\"h4\",\"title_style\":\"text-large\"}},{\"type\":\"headline\",\"props\":{\"content\":\"Rose Hip Hill\",\"css\":\".el-element {\\nfilter: drop-shadow(2px 1px 3px rgb(0 0 0 \\\/ 0.86));\\n}\",\"margin_remove_top\":true,\"text_align\":\"center\",\"title_color\":\"warning\",\"title_element\":\"h1\",\"title_style\":\"heading-large\"}},{\"type\":\"divider\",\"props\":{\"css\":\".el-element  {\\nfilter: invert(100%) sepia(100%) saturate(0%) brightness(150%) contrast(150%) drop-shadow(2px 1px 3px rgb(0 0 0 \\\/ 0.86));;\\n}\",\"divider_element\":\"hr\",\"divider_style\":\"icon\"}}]}],\"props\":{\"margin\":\"xlarge\",\"match\":false,\"row_gap\":\"large\"}}],\"name\":\"Top pagina\"},{\"type\":\"section\",\"props\":{\"image_position\":\"center-center\",\"overlap\":false,\"style\":\"default\",\"title_breakpoint\":\"xl\",\"title_position\":\"top-left\",\"title_rotation\":\"left\",\"vertical_align\":\"middle\",\"width\":\"default\"},\"children\":[{\"type\":\"row\",\"children\":[{\"type\":\"column\",\"props\":{\"image_position\":\"center-center\",\"position_sticky_breakpoint\":\"m\"},\"children\":[{\"type\":\"headline\",\"props\":{\"content\":\"Picnic la ferm\\u0103, cu familia sau cu prietenii, \\u00een sezonul fructelor sau oric\\u00e2nd, la mas\\u0103 festiv\\u0103 sau \\u00een aer liber\",\"title_color\":\"emphasis\",\"title_decoration\":\"bullet\",\"title_element\":\"h2\"}}]}]}]},{\"type\":\"section\",\"props\":{\"image_position\":\"center-center\",\"padding_remove_top\":true,\"style\":\"default\",\"title_breakpoint\":\"xl\",\"title_position\":\"top-left\",\"title_rotation\":\"left\",\"vertical_align\":\"middle\",\"width\":\"default\"},\"children\":[{\"type\":\"row\",\"props\":{\"layout\":\"1-2,1-2\"},\"children\":[{\"type\":\"column\",\"props\":{\"image_position\":\"center-center\",\"position_sticky_breakpoint\":\"m\",\"width_medium\":\"1-2\"},\"children\":[{\"name\":\"Slideshow Thumbnav Center\",\"type\":\"slideshow\",\"children\":[{\"type\":\"slideshow_item\",\"props\":{\"image\":\"wp-content\\\/uploads\\\/2023\\\/06\\\/1190281-scaled.jpg\"}},{\"type\":\"slideshow_item\",\"props\":{\"image\":\"wp-content\\\/uploads\\\/2023\\\/05\\\/IMG_6735-scaled.jpg\"}},{\"type\":\"slideshow_item\",\"props\":{\"image\":\"wp-content\\\/uploads\\\/2023\\\/05\\\/IMG_6742-scaled.jpg\"}},{\"type\":\"slideshow_item\",\"props\":{\"image\":\"wp-content\\\/uploads\\\/2023\\\/05\\\/2019-06-18-092526-scaled.jpg\"}},{\"type\":\"slideshow_item\",\"props\":{\"image\":\"wp-content\\\/uploads\\\/2023\\\/06\\\/2023-02-07-162817-4.jpg\"}}],\"props\":{\"image_width\":\"1600\",\"link_style\":\"default\",\"link_text\":\"Read more\",\"margin\":\"default\",\"margin_remove_top\":true,\"meta_align\":\"below-title\",\"meta_element\":\"div\",\"meta_style\":\"text-meta\",\"nav\":\"thumbnav\",\"nav_align\":\"center\",\"nav_below\":false,\"nav_breakpoint\":\"\",\"nav_position\":\"bottom-center\",\"nav_position_margin\":\"small\",\"nav_vertical\":false,\"overlay_animation\":\"parallax\",\"overlay_container\":\"default\",\"overlay_parallax_x\":\"600,0,-600\",\"overlay_position\":\"center\",\"overlay_width\":\"xlarge\",\"show_content\":true,\"show_link\":true,\"show_meta\":true,\"show_thumbnail\":true,\"show_title\":true,\"slidenav\":\"\",\"slidenav_breakpoint\":\"\",\"slidenav_margin\":\"medium\",\"slidenav_outside_breakpoint\":\"m\",\"slideshow_animation\":\"fade\",\"slideshow_autoplay\":true,\"slideshow_autoplay_interval\":\"3\",\"slideshow_autoplay_pause\":false,\"slideshow_kenburns\":\"alternate\",\"slideshow_min_height\":\"400\",\"slideshow_velocity\":0.59999999999999997779553950749686919152736663818359375,\"text_align\":\"center\",\"text_align_fallback\":\"center\",\"thumbnav_height\":\"80\",\"thumbnav_svg_color\":\"emphasis\",\"thumbnav_width\":\"80\",\"title_element\":\"h2\",\"title_style\":\"heading-medium\"}}]},{\"type\":\"column\",\"props\":{\"image_position\":\"center-center\",\"position_sticky_breakpoint\":\"m\",\"width_medium\":\"1-2\"},\"children\":[{\"type\":\"text\",\"props\":{\"column_breakpoint\":\"m\",\"content\":\"\n\n<p>La ferma noastr\\u0103 de trei hectare, gardul le ofer\\u0103 p\\u0103rin\\u021bilor un sentiment de siguran\\u021b\\u0103, dar copiii \\u00een acela\\u0219i timp simt un sentiment de libertate f\\u0103r\\u0103 limite. Acesta este motivul pentru care Rose Hip Hill Farm este o destina\\u021bie minunat\\u0103 pentru excursii cu grupuri mai mari de copii.<\\\/p>\\n\n\n<p>Copiii vor fi \\u00eenc\\u00e2nta\\u021bi s\\u0103 exploreze terenul de joac\\u0103 din p\\u0103dure, s\\u0103 alunece neobosi\\u021bi pe tirolian\\u0103 pentru a suta oar\\u0103, s\\u0103 se cufunde \\u00een a m\\u00e2ng\\u00e2ia \\u0219i hr\\u0103ni animalele \\u0219i chiar s\\u0103 \\u00eencerce s\\u0103 mulg\\u0103 caprele.<br \\\/>\\u00centre timp, p\\u0103rin\\u021bii se pot bucura de aerul curat \\u0219i de relaxare f\\u0103r\\u0103 griji.<\\\/p>\",\"margin\":\"default\",\"text_align\":\"center\",\"text_style\":\"large\"}}]}]}]},{\"type\":\"section\",\"props\":{\"image_position\":\"center-center\",\"padding_remove_top\":true,\"style\":\"default\",\"title_breakpoint\":\"xl\",\"title_position\":\"top-left\",\"title_rotation\":\"left\",\"vertical_align\":\"middle\",\"width\":\"default\"},\"children\":[{\"type\":\"row\",\"props\":{\"layout\":\"1-2,1-2\"},\"children\":[{\"type\":\"column\",\"props\":{\"image_position\":\"center-center\",\"position_sticky_breakpoint\":\"m\",\"width_medium\":\"1-2\"},\"children\":[{\"type\":\"text\",\"props\":{\"column_breakpoint\":\"m\",\"content\":\"\n\n<p>O petrecere aniversar\\u0103 mai special\\u0103, o petrecere cu pizza la cuptor, cinema \\u00een aer liber, pot fi organizate la cerere la Rose Hip Hill Farm.<\\\/p>\",\"margin\":\"default\",\"text_align\":\"center\",\"text_style\":\"large\"}}]},{\"type\":\"column\",\"props\":{\"image_position\":\"center-center\",\"position_sticky_breakpoint\":\"m\",\"width_medium\":\"1-2\"},\"children\":[{\"name\":\"Slideshow Thumbnav Center\",\"type\":\"slideshow\",\"children\":[{\"type\":\"slideshow_item\",\"props\":{\"image\":\"wp-content\\\/uploads\\\/2023\\\/05\\\/IMG_20210721_114943-scaled.jpg\"}},{\"type\":\"slideshow_item\",\"props\":{\"image\":\"wp-content\\\/uploads\\\/2023\\\/06\\\/WhatsApp-Image-2023-06-16-at-140052.jpeg\"}},{\"type\":\"slideshow_item\",\"props\":{\"image\":\"wp-content\\\/uploads\\\/2023\\\/05\\\/IMG_20210831_181717-scaled.jpg\"}},{\"type\":\"slideshow_item\",\"props\":{\"image\":\"wp-content\\\/uploads\\\/2023\\\/05\\\/1140548-1-scaled-e1684847263899.jpg\"}},{\"type\":\"slideshow_item\",\"props\":{\"image\":\"wp-content\\\/uploads\\\/2023\\\/05\\\/IMG_20200906_203620-scaled.jpg\"}}],\"props\":{\"image_width\":\"1600\",\"link_style\":\"default\",\"link_text\":\"Read more\",\"margin\":\"default\",\"margin_remove_top\":true,\"meta_align\":\"below-title\",\"meta_element\":\"div\",\"meta_style\":\"text-meta\",\"nav\":\"thumbnav\",\"nav_align\":\"center\",\"nav_below\":false,\"nav_breakpoint\":\"\",\"nav_position\":\"bottom-center\",\"nav_position_margin\":\"small\",\"nav_vertical\":false,\"overlay_animation\":\"parallax\",\"overlay_container\":\"default\",\"overlay_parallax_x\":\"600,0,-600\",\"overlay_position\":\"center\",\"overlay_width\":\"xlarge\",\"show_content\":true,\"show_link\":true,\"show_meta\":true,\"show_thumbnail\":true,\"show_title\":true,\"slidenav\":\"\",\"slidenav_breakpoint\":\"\",\"slidenav_margin\":\"medium\",\"slidenav_outside_breakpoint\":\"m\",\"slideshow_animation\":\"fade\",\"slideshow_autoplay\":true,\"slideshow_autoplay_interval\":\"3\",\"slideshow_autoplay_pause\":false,\"slideshow_kenburns\":\"alternate\",\"slideshow_min_height\":\"400\",\"slideshow_velocity\":0.59999999999999997779553950749686919152736663818359375,\"text_align\":\"center\",\"text_align_fallback\":\"center\",\"thumbnav_height\":\"80\",\"thumbnav_svg_color\":\"emphasis\",\"thumbnav_width\":\"80\",\"title_element\":\"h2\",\"title_style\":\"heading-medium\"}}]}]}]},{\"type\":\"section\",\"props\":{\"image_position\":\"center-center\",\"padding_remove_top\":true,\"style\":\"default\",\"title_breakpoint\":\"xl\",\"title_position\":\"top-left\",\"title_rotation\":\"left\",\"vertical_align\":\"middle\",\"width\":\"default\"},\"children\":[{\"type\":\"row\",\"props\":{\"layout\":\"1-2,1-2\"},\"children\":[{\"type\":\"column\",\"props\":{\"image_position\":\"center-center\",\"position_sticky_breakpoint\":\"m\",\"width_medium\":\"1-2\"},\"children\":[{\"name\":\"Slideshow Thumbnav Center\",\"type\":\"slideshow\",\"children\":[{\"type\":\"slideshow_item\",\"props\":{\"image\":\"wp-content\\\/uploads\\\/2023\\\/06\\\/PSX_20200719_105519-scaled.jpg\"}},{\"type\":\"slideshow_item\",\"props\":{\"image\":\"wp-content\\\/uploads\\\/2023\\\/05\\\/IMG_6268-scaled-e1684847382492.jpg\"}},{\"type\":\"slideshow_item\",\"props\":{\"image\":\"wp-content\\\/uploads\\\/2023\\\/05\\\/IMG_20200629_151856-scaled-e1684789139680.jpg\"}},{\"type\":\"slideshow_item\",\"props\":{\"image\":\"wp-content\\\/uploads\\\/2023\\\/06\\\/IMG_20210624_122411-scaled.jpg\"}},{\"type\":\"slideshow_item\",\"props\":{\"image\":\"wp-content\\\/uploads\\\/2023\\\/06\\\/Point-Blur_Jul032020_080447-scaled.jpg\"}}],\"props\":{\"image_width\":\"1600\",\"link_style\":\"default\",\"link_text\":\"Read more\",\"margin\":\"default\",\"margin_remove_top\":true,\"meta_align\":\"below-title\",\"meta_element\":\"div\",\"meta_style\":\"text-meta\",\"nav\":\"thumbnav\",\"nav_align\":\"center\",\"nav_below\":false,\"nav_breakpoint\":\"\",\"nav_position\":\"bottom-center\",\"nav_position_margin\":\"small\",\"nav_vertical\":false,\"overlay_animation\":\"parallax\",\"overlay_container\":\"default\",\"overlay_parallax_x\":\"600,0,-600\",\"overlay_position\":\"center\",\"overlay_width\":\"xlarge\",\"show_content\":true,\"show_link\":true,\"show_meta\":true,\"show_thumbnail\":true,\"show_title\":true,\"slidenav\":\"\",\"slidenav_breakpoint\":\"\",\"slidenav_margin\":\"medium\",\"slidenav_outside_breakpoint\":\"m\",\"slideshow_animation\":\"fade\",\"slideshow_autoplay\":true,\"slideshow_autoplay_interval\":\"3\",\"slideshow_autoplay_pause\":false,\"slideshow_kenburns\":\"alternate\",\"slideshow_min_height\":\"400\",\"slideshow_velocity\":0.59999999999999997779553950749686919152736663818359375,\"text_align\":\"center\",\"text_align_fallback\":\"center\",\"thumbnav_height\":\"80\",\"thumbnav_svg_color\":\"emphasis\",\"thumbnav_width\":\"80\",\"title_element\":\"h2\",\"title_style\":\"heading-medium\"}}]},{\"type\":\"column\",\"props\":{\"image_position\":\"center-center\",\"position_sticky_breakpoint\":\"m\",\"width_medium\":\"1-2\"},\"children\":[{\"type\":\"text\",\"props\":{\"column_breakpoint\":\"m\",\"content\":\"\n\n<p>De-a lungul anilor, a devenit o tradi\\u021bie la Rose Hip Hill Farm s\\u0103 organiz\\u0103m picnicuri U-pick - cules de fructe \\u0219i lavand\\u0103. \\u00cen perioada 24 iunie - 15 iulie, pute\\u021bi culege singuri afine canadiene, coac\\u0103ze ro\\u0219ii \\u0219i coac\\u0103ze negre, dac\\u0103 vremea permite. <span>\\u00cen acela<\\\/span><span>\\u0219i timp pute\\u021bi s\\u0103 v\\u0103 s\\u0103tura\\u021bi \\u0219i<\\\/span><span> cu fructe proaspete, care sunt incomparabil mai gustoase atunci c\\u00e2nd m\\u0103n\\u00e2nci cele mai coapte \\u0219i proaspete boabe direct de pe tufe. <\\\/span>Copiii sunt \\u0219i ei bineveni\\u021bi, explorarea locului de joac\\u0103 din p\\u0103dure, tiroliana\\u00a0 \\u0219i m\\u00e2ng\\u00e2ierea animalelor garantat \\u00eei va \\u021bine ocupa\\u021bi. Planta\\u021bia noastr\\u0103 este certificat\\u0103 ecologic, departe de orice factor poluator. Oferim limonad\\u0103 \\u0219i pr\\u0103jituri pentru consum.<\\\/p>\\n\n\n<p><\\\/p>\",\"margin\":\"default\",\"text_align\":\"center\",\"text_style\":\"large\"}}]}]}]},{\"type\":\"section\",\"props\":{\"image_position\":\"center-center\",\"style\":\"default\",\"title_breakpoint\":\"xl\",\"title_position\":\"top-left\",\"title_rotation\":\"left\",\"vertical_align\":\"middle\",\"width\":\"default\"},\"children\":[{\"type\":\"row\",\"props\":{\"margin_remove_top\":true},\"children\":[{\"type\":\"column\",\"props\":{\"image_position\":\"center-center\",\"position_sticky_breakpoint\":\"m\",\"style\":\"card-default\"},\"children\":[{\"type\":\"headline\",\"props\":{\"content\":\"Contacteaz\\u0103-ne pentru detalii, cerere ofert\\u0103, rezervare.\",\"margin_remove_top\":true,\"text_align\":\"center\",\"title_element\":\"h1\",\"title_font_family\":\"primary\",\"title_style\":\"h3\"}},{\"type\":\"social\",\"props\":{\"grid\":\"horizontal\",\"grid_gap\":\"small\",\"image_svg_inline\":true,\"link_style\":\"button\",\"link_target\":true,\"margin\":\"default\",\"margin_remove_top\":true,\"text_align\":\"center\"},\"children\":[{\"type\":\"social_item\",\"props\":{\"link\":\"https:\\\/\\\/www.facebook.com\\\/rosehiphill\"}},{\"type\":\"social_item\",\"props\":{\"link\":\"https:\\\/\\\/www.instagram.com\\\/rosehiphill\\\/\"}},{\"type\":\"social_item\",\"props\":{\"link\":\"https:\\\/\\\/www.youtube.com\\\/@rosehiphill\"}}]}]}]}]}],\"version\":\"4.0.6\"} --><\/p>","protected":false},"excerpt":{"rendered":"<p>Evenimente Rose Hip Hill Picnic la ferm\u0103, cu familia sau cu prietenii, \u00een sezonul fructelor sau oric\u00e2nd, la mas\u0103 festiv\u0103 sau \u00een aer liber La ferma noastr\u0103 de trei hectare, gardul le ofer\u0103 p\u0103rin\u021bilor un sentiment de siguran\u021b\u0103, dar copiii \u00een acela\u0219i timp simt un sentiment de libertate f\u0103r\u0103 limite. Acesta este motivul pentru care [&hellip;]<\/p>","protected":false},"author":2,"featured_media":0,"parent":0,"menu_order":0,"comment_status":"closed","ping_status":"closed","template":"","meta":{"_acf_changed":false,"footnotes":""},"class_list":["post-2500","page","type-page","status-publish","hentry"],"acf":[],"jetpack_sharing_enabled":true,"jetpack_likes_enabled":true,"jetpack-related-posts":[{"id":2875,"url":"https:\/\/rosehiphill.ro\/en\/despre-noi\/","url_meta":{"origin":2500,"position":0},"title":"Despre noi","author":"Nicolaie Toth","date":"24 March, 2023","format":false,"excerpt":"Despre noi Rose Hip Hill Ferma Rose Hip Hill este acas\u0103 pentru familia noastr\u0103, dar \u0219i pentru cei care petrec c\u00e2teva zile la noi. C\u00e2nd fumul devine prea dens \u0219i zgomotul devine prea puternic \u00een ora\u0219, oamenii nu \u00ee\u0219i doresc doar s\u0103 tr\u0103iasc\u0103 la \u021bar\u0103, ci \u00ee\u0219i doresc un loc\u2026","rel":"","context":"Similar post","block_context":{"text":"Similar post","link":""},"img":{"alt_text":"","src":"https:\/\/i0.wp.com\/rosehiphill.ro\/wp-content\/uploads\/2023\/03\/galerie-camera-plum.jpg?resize=350%2C200&ssl=1","width":350,"height":200,"srcset":"https:\/\/i0.wp.com\/rosehiphill.ro\/wp-content\/uploads\/2023\/03\/galerie-camera-plum.jpg?resize=350%2C200&ssl=1 1x, https:\/\/i0.wp.com\/rosehiphill.ro\/wp-content\/uploads\/2023\/03\/galerie-camera-plum.jpg?resize=525%2C300&ssl=1 1.5x, https:\/\/i0.wp.com\/rosehiphill.ro\/wp-content\/uploads\/2023\/03\/galerie-camera-plum.jpg?resize=700%2C400&ssl=1 2x"},"classes":[]},{"id":2606,"url":"https:\/\/rosehiphill.ro\/en\/servicii\/","url_meta":{"origin":2500,"position":1},"title":"Servicii","author":"Nicolaie Toth","date":"16 March, 2023","format":false,"excerpt":"Servicii Rose Hip Hill La ferma Rose Hip Hill, pe l\u00e2ng\u0103 cultivarea fructelor, a plantelor organice \u0219i cre\u0219terea animalelor, oferim \u0219i cazare pentru oaspe\u021bi, \u00eentr-o loca\u021bie potrivit\u0103 pentru evenimente de familie, \u0219i teambuilding.\u00a0 Descoper\u0103 natura \u00een dealurile fabuloase ale Transilvaniei.Cei care aleg s\u0103 se cazeze la ferma noastr\u0103, pot lua\u2026","rel":"","context":"Similar post","block_context":{"text":"Similar post","link":""},"img":{"alt_text":"","src":"https:\/\/i0.wp.com\/rosehiphill.ro\/wp-content\/uploads\/2023\/03\/Rosehiphill-Guesthouse-living-2.jpg?resize=350%2C200&ssl=1","width":350,"height":200,"srcset":"https:\/\/i0.wp.com\/rosehiphill.ro\/wp-content\/uploads\/2023\/03\/Rosehiphill-Guesthouse-living-2.jpg?resize=350%2C200&ssl=1 1x, https:\/\/i0.wp.com\/rosehiphill.ro\/wp-content\/uploads\/2023\/03\/Rosehiphill-Guesthouse-living-2.jpg?resize=525%2C300&ssl=1 1.5x, https:\/\/i0.wp.com\/rosehiphill.ro\/wp-content\/uploads\/2023\/03\/Rosehiphill-Guesthouse-living-2.jpg?resize=700%2C400&ssl=1 2x"},"classes":[]},{"id":2631,"url":"https:\/\/rosehiphill.ro\/en\/cazare-la-agropensiune\/","url_meta":{"origin":2500,"position":2},"title":"Cazare la agropensiune","author":"Nicolaie Toth","date":"18 March, 2023","format":false,"excerpt":"Cazare la agropensiune Rose Hip Hill Agropensiunea Rose Hip Hill, v\u0103\u00a0 a\u0219teapt\u0103 \u00eentr-un peisaj pitoresc, retras \u0219i lini\u0219tit O construc\u021bie luminoas\u0103 cu design minimalist \u0219i dot\u0103ri maximale, av\u00e2nd un peisaj pitoresc, pensiunea noastr\u0103 \u00ee\u0219i prime\u0219te oaspe\u021bii cu un confort or\u0103\u0219enesc, de\u0219i este a\u0219ezat\u0103 \u00eentr-o livad\u0103 tradi\u021bional\u0103 de patru hectare, aproape\u2026","rel":"","context":"Similar post","block_context":{"text":"Similar post","link":""},"img":{"alt_text":"","src":"https:\/\/i0.wp.com\/rosehiphill.ro\/wp-content\/uploads\/2023\/03\/Rosehiphill-Guesthouse-Elder-1.jpg?resize=350%2C200&ssl=1","width":350,"height":200,"srcset":"https:\/\/i0.wp.com\/rosehiphill.ro\/wp-content\/uploads\/2023\/03\/Rosehiphill-Guesthouse-Elder-1.jpg?resize=350%2C200&ssl=1 1x, https:\/\/i0.wp.com\/rosehiphill.ro\/wp-content\/uploads\/2023\/03\/Rosehiphill-Guesthouse-Elder-1.jpg?resize=525%2C300&ssl=1 1.5x, https:\/\/i0.wp.com\/rosehiphill.ro\/wp-content\/uploads\/2023\/03\/Rosehiphill-Guesthouse-Elder-1.jpg?resize=700%2C400&ssl=1 2x"},"classes":[]},{"id":2794,"url":"https:\/\/rosehiphill.ro\/en\/blog\/","url_meta":{"origin":2500,"position":3},"title":"Blog","author":"Nicolaie Toth","date":"21 March, 2023","format":false,"excerpt":"Blog Rose Hip Hill Hai s\u0103 bem o cafea... Vom \u00eemp\u0103rt\u0103\u0219i nout\u0103\u021bi de la Rose Hip Hill, despre via\u021ba la \u021bar\u0103, ideile \u0219i principiile noastre... Carnea de Capr\u0103 de la Rose Hip Hill 14 August 2025 La Rose Hip Hill, carnea de capr\u0103 este ingredientul principal \u00een preparate variate, cum\u2026","rel":"","context":"Similar post","block_context":{"text":"Similar post","link":""},"img":{"alt_text":"","src":"https:\/\/i0.wp.com\/rosehiphill.ro\/wp-content\/uploads\/2023\/05\/1160066-scaled.jpg?resize=350%2C200&ssl=1","width":350,"height":200,"srcset":"https:\/\/i0.wp.com\/rosehiphill.ro\/wp-content\/uploads\/2023\/05\/1160066-scaled.jpg?resize=350%2C200&ssl=1 1x, https:\/\/i0.wp.com\/rosehiphill.ro\/wp-content\/uploads\/2023\/05\/1160066-scaled.jpg?resize=525%2C300&ssl=1 1.5x, https:\/\/i0.wp.com\/rosehiphill.ro\/wp-content\/uploads\/2023\/05\/1160066-scaled.jpg?resize=700%2C400&ssl=1 2x, https:\/\/i0.wp.com\/rosehiphill.ro\/wp-content\/uploads\/2023\/05\/1160066-scaled.jpg?resize=1050%2C600&ssl=1 3x, https:\/\/i0.wp.com\/rosehiphill.ro\/wp-content\/uploads\/2023\/05\/1160066-scaled.jpg?resize=1400%2C800&ssl=1 4x"},"classes":[]},{"id":2549,"url":"https:\/\/rosehiphill.ro\/en\/cazare-la-ferma\/","url_meta":{"origin":2500,"position":4},"title":"Cazare la ferma Rose Hip Hill","author":"Nicolaie Toth","date":"14 March, 2023","format":false,"excerpt":"Cazare la ferma Rose Hip Hill Ferma Rose Hip Hill este acas\u0103 pentru familia noastr\u0103, dar \u0219i pentru cei care petrec c\u00e2teva zile la noi. Un loc potrivit pentru a petrece timpul cu familia, pentru a te relaxa, pentru a ie\u0219i din cotidian.Un loc potrivit, de asemnea, pentru copii, ace\u0219tia\u2026","rel":"","context":"Similar post","block_context":{"text":"Similar post","link":""},"img":{"alt_text":"","src":"https:\/\/i0.wp.com\/rosehiphill.ro\/wp-content\/uploads\/2023\/03\/galerie-copii-pe-gard.jpg?resize=350%2C200&ssl=1","width":350,"height":200,"srcset":"https:\/\/i0.wp.com\/rosehiphill.ro\/wp-content\/uploads\/2023\/03\/galerie-copii-pe-gard.jpg?resize=350%2C200&ssl=1 1x, https:\/\/i0.wp.com\/rosehiphill.ro\/wp-content\/uploads\/2023\/03\/galerie-copii-pe-gard.jpg?resize=525%2C300&ssl=1 1.5x, https:\/\/i0.wp.com\/rosehiphill.ro\/wp-content\/uploads\/2023\/03\/galerie-copii-pe-gard.jpg?resize=700%2C400&ssl=1 2x"},"classes":[]},{"id":2449,"url":"https:\/\/rosehiphill.ro\/en\/teambuilding\/","url_meta":{"origin":2500,"position":5},"title":"Teambuilding","author":"Nicolaie Toth","date":"9 March, 2023","format":false,"excerpt":"Teambuilding Rose Hip Hill Agropensiunea Rose Hip Hill, un loc ideal pentru organizarea evenimentelor de familie \u0219i tabere pentru adul\u021bi Agropensiunea Rose Hip Hill se poate inchiria si pentru companii pentru team building, training si alte evenimente. Poate cel mai important obiectiv al programelor de team building este dezvoltarea unei\u2026","rel":"","context":"Similar post","block_context":{"text":"Similar post","link":""},"img":{"alt_text":"","src":"","width":0,"height":0},"classes":[]}],"_links":{"self":[{"href":"https:\/\/rosehiphill.ro\/en\/wp-json\/wp\/v2\/pages\/2500","targetHints":{"allow":["GET"]}}],"collection":[{"href":"https:\/\/rosehiphill.ro\/en\/wp-json\/wp\/v2\/pages"}],"about":[{"href":"https:\/\/rosehiphill.ro\/en\/wp-json\/wp\/v2\/types\/page"}],"author":[{"embeddable":true,"href":"https:\/\/rosehiphill.ro\/en\/wp-json\/wp\/v2\/users\/2"}],"replies":[{"embeddable":true,"href":"https:\/\/rosehiphill.ro\/en\/wp-json\/wp\/v2\/comments?post=2500"}],"version-history":[{"count":3,"href":"https:\/\/rosehiphill.ro\/en\/wp-json\/wp\/v2\/pages\/2500\/revisions"}],"predecessor-version":[{"id":3685,"href":"https:\/\/rosehiphill.ro\/en\/wp-json\/wp\/v2\/pages\/2500\/revisions\/3685"}],"wp:attachment":[{"href":"https:\/\/rosehiphill.ro\/en\/wp-json\/wp\/v2\/media?parent=2500"}],"curies":[{"name":"wp","href":"https:\/\/api.w.org\/{rel}","templated":true}]}}