{"id":2819,"date":"2023-03-21T13:07:17","date_gmt":"2023-03-21T13:07:17","guid":{"rendered":"https:\/\/rosehiphill.ro\/?page_id=2819"},"modified":"2024-02-16T23:34:27","modified_gmt":"2024-02-16T21:34:27","slug":"regulamentul-pensiunii","status":"publish","type":"page","link":"https:\/\/rosehiphill.ro\/en\/regulamentul-pensiunii\/","title":{"rendered":"Guesthouse rules"},"content":{"rendered":"<h4>Guesthouse rules<\/h4>\n<h1>Rose Hip Hill<\/h1>\n<hr>\n<h2>General rules<\/h2>\n<div>\n<p>1. Smoking is prohibited everywhere indoors, including on room balconies.<\/p>\n<p>2. The lighting of candles or other flammable products is prohibited.<\/p>\n<p>3. Parties are allowed only with the owner's consent.<\/p>\n<p>4. Decorating the venue on the occasion of events is allowed only in consultation with the owner.<\/p>\n<p>5. Pets are not allowed.<\/p>\n<p>6. Only people with a reservation can enter the guesthouse.<\/p>\n<p>7. Access to the attic is allowed only with the owner's consent, only to those who are staying there. Do not use the attic as a living room.<\/p>\n<p>8. Furniture and furnishings inside (blanket, pillow, towel, etc.) may not be removed or rearranged.<\/p>\n<p>9. Do not draw on the walls and do not allow children to draw on the walls.<\/p>\n<p>10. Violation of any of the above rules will incur a fee of 100 euros!<\/p>\n<p>11. Maintain cleanliness.<\/p>\n<p>12. Consumption of food and drinks is allowed, in a civilized manner, in the kitchen and dining room, and is forbidden in the bedrooms. We have plastic cups in the bedrooms.<\/p>\n<p>13. In the kitchen guests have at their disposal a dishwasher, induction hob, electric oven, fridge, freezer, microwave, coffee machine (with beans), toaster, and a kettle. The equipment also includes cooking and serving utensils, glasses, cups, crockery.<\/p>\n<p>14. Do not leave dishes unwashed. Put back everything you have used.<\/p>\n<p>15. The guesthouse is equipped with a special filter for tap water. As far as possible, do not bring bottled water.<\/p>\n<p>16. We collect waste separately: biodegradable waste, paper\/cardboard, packaging, glass, metal.<\/p>\n<p>17. If any damages have occurred, please let us know before departure. Damage must be reimbursed at market price. The customer is responsible for any damage discovered after departure.<\/p>\n<p>18. Before departure please make sure you have not left any personal belongings in the guesthouse.<\/p>\n<p>19. Check-in: 15:00. Check-out: 11:00. Other times must be arranged in advance. Please let us know your approximate time of arrival the day before, and notify us of your arrival one hour before.<\/p>\n<p>20. At the moment of handing over the access key, we will introduce you to the guesthouse and provide you with all the necessary information about the use of the guesthouse, so that you can enjoy your stay.<\/p>\n<\/div>\n<h5>Thank you for your understanding and cooperation!<\/h5>\n<p><!--more--><br \/>\n<!-- {\"type\":\"layout\",\"children\":[{\"type\":\"section\",\"props\":{\"height\":\"section\",\"height_offset_top\":true,\"image\":\"wp-content\\\/uploads\\\/2023\\\/03\\\/terms-top.jpg\",\"image_effect\":\"parallax\",\"image_loading\":true,\"image_parallax_bgx\":\"0 0%\",\"image_parallax_bgy\":\"130\",\"image_position\":\"center-center\",\"image_size\":\"height-1-1\",\"style\":\"default\",\"title_breakpoint\":\"xl\",\"title_position\":\"top-left\",\"title_rotation\":\"left\",\"vertical_align\":\"middle\",\"width\":\"\"},\"children\":[{\"type\":\"row\",\"children\":[{\"type\":\"column\",\"props\":{\"image_effect\":\"parallax\",\"image_parallax_bgy\":\"30\",\"image_position\":\"center-center\",\"image_size\":\"contain\",\"position_sticky_breakpoint\":\"m\",\"vertical_align\":\"middle\"},\"children\":[{\"type\":\"divider\",\"props\":{\"css\":\".el-element {\\nopacity: 0;\\n}\",\"divider_element\":\"div\",\"divider_style\":\"vertical\"}},{\"type\":\"headline\",\"props\":{\"content\":\"Regulamentul pensiunii\",\"css\":\".el-element {\\nfilter: drop-shadow(2px 1px 3px rgb(0 0 0 \\\/ 0.86));\\n}\",\"margin_remove_bottom\":true,\"text_align\":\"center\",\"title_color\":\"warning\",\"title_element\":\"h4\",\"title_style\":\"text-large\"}},{\"type\":\"headline\",\"props\":{\"content\":\"Rose Hip Hill\",\"css\":\".el-element {\\nfilter: drop-shadow(2px 1px 3px rgb(0 0 0 \\\/ 0.86));\\n}\",\"margin_remove_top\":true,\"text_align\":\"center\",\"title_color\":\"warning\",\"title_element\":\"h1\",\"title_style\":\"heading-large\"}},{\"type\":\"divider\",\"props\":{\"css\":\".el-element  {\\nfilter: invert(100%) sepia(100%) saturate(0%) brightness(150%) contrast(150%) drop-shadow(2px 1px 3px rgb(0 0 0 \\\/ 0.86));;\\n}\",\"divider_element\":\"hr\",\"divider_style\":\"icon\"}}]}],\"props\":{\"margin\":\"xlarge\",\"match\":false,\"row_gap\":\"large\"}}],\"name\":\"Top pagina\"},{\"type\":\"section\",\"props\":{\"image_position\":\"center-center\",\"overlap\":false,\"style\":\"default\",\"title_breakpoint\":\"xl\",\"title_position\":\"top-left\",\"title_rotation\":\"left\",\"vertical_align\":\"middle\",\"width\":\"default\"},\"children\":[{\"type\":\"row\",\"children\":[{\"type\":\"column\",\"props\":{\"image_position\":\"center-center\",\"position_sticky_breakpoint\":\"m\"},\"children\":[{\"type\":\"headline\",\"props\":{\"content\":\"Prevederi generale\",\"title_color\":\"emphasis\",\"title_decoration\":\"bullet\",\"title_element\":\"h2\"}},{\"type\":\"text\",\"props\":{\"column_breakpoint\":\"m\",\"content\":\"\n\n<p>1. Fumatul este interzis peste tot \\u00een interior, inclusiv pe balcoanele camerelor.<\\\/p>\\n\n\n<p>2. Aprinderea lum\\u00e2n\\u0103rilor, sau a altor produse inflamabile este interzis.<\\\/p>\\n\n\n<p>3. Organizarea de partyuri este permis\\u0103 doar cu acordul proprietarului.<\\\/p>\\n\n\n<p>4. Decorarea spa\\u021biului, cu ocazia unor evenimente, este permis\\u0103 doar cu consultarea proprietarului.<\\\/p>\\n\n\n<p>5. Nu primim animale de companie.<\\\/p>\\n\n\n<p>6. \\u00cen pensiune au acces doar persoanele care au rezervare.<\\\/p>\\n\n\n<p>7. Accesul \\u00een mansard\\u0103 este permis doar cu acordul proprietarului, doar celor care sunt caza\\u021bi acolo. Nu folosi\\u021bi mansarda drept camer\\u0103 de zi.<\\\/p>\\n\n\n<p>8. Mobilierul \\u0219i dotarea din interior (p\\u0103tur\\u0103, pern\\u0103, prosop, etc) nu pot fi scoase afar\\u0103, nici reorganizate.<\\\/p>\\n\n\n<p>9. Nu desena\\u021bi pe pere\\u021bi \\u0219i nu permite\\u021bi nici copiilor s\\u0103 o fac\\u0103.<\\\/p>\\n\n\n<p>10. \\u00cenc\\u0103lcarea oric\\u0103rei reguli de mai sus atrage dup\\u0103 sine o tax\\u0103 de 100 euro!<\\\/p>\\n\n\n<p>11. P\\u0103stra\\u021bi cur\\u0103\\u021benia.<\\\/p>\\n\n\n<p>12. Consumul de m\\u00e2ncare \\u0219i b\\u0103uturi este permis, \\u00een mod civilizat, \\u00een buc\\u0103t\\u0103rie \\u0219i \\u00een sala de mese, \\u0219i este interzis \\u00een dormitoare. \\u00cen dormitoare avem pahare de plastic.<\\\/p>\\n\n\n<p>13. \\u00cen buc\\u0103t\\u0103rie oaspe\\u021bilor le st\\u0103 la dispozi\\u021bie ma\\u0219in\\u0103 de sp\\u0103lat vase, plit\\u0103 cu induc\\u021bie, cuptor electric, frigider, congelator, cuptor cu microunde, aparat cafea (cu boabe), toaster, fierb\\u0103tor de ap\\u0103. Dotarea con\\u021bine, de asemenea, vase de g\\u0103tit \\u0219i de servit, pahare, c\\u0103ni, vesel\\u0103.<\\\/p>\\n\n\n<p>14. Nu l\\u0103sa\\u021bi vase nesp\\u0103late. A\\u0219eza\\u021bi la loc tot ce a\\u021bi folosit.<\\\/p>\\n\n\n<p>15. Pensiunea este dotat\\u0103 cu filtru special pentru ap\\u0103 potabil\\u0103. Pe c\\u00e2t posibil, nu aduce\\u021bi ap\\u0103 \\u00een flacoane.<\\\/p>\\n\n\n<p>16. Colect\\u0103m de\\u0219eul selectiv: de\\u0219eu biodegradabil, h\\u00e2rtie\\\/carton, ambalaje, sticl\\u0103, metal.<\\\/p>\\n\n\n<p>17. Dac\\u0103 s-a produs orice stric\\u0103ciune, v\\u0103 rug\\u0103m s\\u0103 ne anun\\u021ba\\u021bi inainte de plecare. Stric\\u0103ciunile trebuie rambursate la pre\\u021b de pia\\u021b\\u0103. Clientul r\\u0103spunde pentru stric\\u0103ciunile depistate dup\\u0103 plecare.<\\\/p>\\n\n\n<p>18. \\u00cenainte de plecare v\\u0103 rug\\u0103m s\\u0103 v\\u0103 asigura\\u021bi c\\u0103 nu a\\u021bi l\\u0103sat lucruri personale \\u00een pensiune.<\\\/p>\\n\n\n<p>19. Check-in: ora 15:00. Check-out: ora 11:00. Alte ore trebuie stabilite \\u00een prealabil. V\\u0103 rug\\u0103m s\\u0103 ne comunica\\u021bi ora aproximativ\\u0103 de sosire cu o zi \\u00eenainte, \\u0219i s\\u0103 ne \\u00een\\u0219tiin\\u021ba\\u021bi sosirea cu o or\\u0103 \\u00eenainte.<\\\/p>\\n\n\n<p>20. La momentul pred\\u0103rii cheii de acces, v\\u0103 prezent\\u0103m pensiunea \\u0219i v\\u0103 punem la dispozi\\u021bie toate informa\\u021biile necesare legate de utilizare, pentru a v\\u0103\\u00a0bucura de o \\u0219edere pl\\u0103cut\\u0103.<\\\/p>\",\"margin\":\"default\"}},{\"type\":\"headline\",\"props\":{\"content\":\"V\\u0103 mul\\u021bumim pentru \\u00een\\u021belegere \\u0219i colaborare!\",\"title_element\":\"h5\"}}]}]}]}],\"version\":\"4.3.4\"} --><\/p>","protected":false},"excerpt":{"rendered":"<p>Rose Hip Hill Guesthouse Rules General Provisions 1. Smoking is prohibited everywhere inside, including on the balconies of the rooms. 2. The lighting of candles or other flammable products is forbidden. 3. Parties are allowed only with the owner's consent. 4. Decorating the room for events is allowed only in consultation with the owner. 5. We do not accept<\/p>","protected":false},"author":2,"featured_media":0,"parent":0,"menu_order":0,"comment_status":"closed","ping_status":"closed","template":"","meta":{"_acf_changed":false,"footnotes":""},"class_list":["post-2819","page","type-page","status-publish","hentry"],"acf":[],"jetpack_sharing_enabled":true,"jetpack_likes_enabled":true,"jetpack-related-posts":[{"id":2631,"url":"https:\/\/rosehiphill.ro\/en\/cazare-la-agropensiune\/","url_meta":{"origin":2819,"position":0},"title":"Cazare la agropensiune","author":"Nicolaie Toth","date":"18 March, 2023","format":false,"excerpt":"Cazare la agropensiune Rose Hip Hill Agropensiunea Rose Hip Hill, v\u0103\u00a0 a\u0219teapt\u0103 \u00eentr-un peisaj pitoresc, retras \u0219i lini\u0219tit O construc\u021bie luminoas\u0103 cu design minimalist \u0219i dot\u0103ri maximale, av\u00e2nd un peisaj pitoresc, pensiunea noastr\u0103 \u00ee\u0219i prime\u0219te oaspe\u021bii cu un confort or\u0103\u0219enesc, de\u0219i este a\u0219ezat\u0103 \u00eentr-o livad\u0103 tradi\u021bional\u0103 de patru hectare, aproape\u2026","rel":"","context":"Similar post","block_context":{"text":"Similar post","link":""},"img":{"alt_text":"","src":"https:\/\/i0.wp.com\/rosehiphill.ro\/wp-content\/uploads\/2023\/03\/Rosehiphill-Guesthouse-Elder-1.jpg?resize=350%2C200&ssl=1","width":350,"height":200,"srcset":"https:\/\/i0.wp.com\/rosehiphill.ro\/wp-content\/uploads\/2023\/03\/Rosehiphill-Guesthouse-Elder-1.jpg?resize=350%2C200&ssl=1 1x, https:\/\/i0.wp.com\/rosehiphill.ro\/wp-content\/uploads\/2023\/03\/Rosehiphill-Guesthouse-Elder-1.jpg?resize=525%2C300&ssl=1 1.5x, https:\/\/i0.wp.com\/rosehiphill.ro\/wp-content\/uploads\/2023\/03\/Rosehiphill-Guesthouse-Elder-1.jpg?resize=700%2C400&ssl=1 2x"},"classes":[]},{"id":2733,"url":"https:\/\/rosehiphill.ro\/en\/termeni-si-conditii\/","url_meta":{"origin":2819,"position":1},"title":"Termeni \u0219i condi\u021bii","author":"Nicolaie Toth","date":"20 March, 2023","format":false,"excerpt":"Termeni \u0219i condi\u021bii Rose Hip Hill Prevederi generale Site-ul www.rosehiphill.ro, este de\u021binut de c\u0103tre ROSE HIP HILL SRL, societate de drept rom\u00e2n, cu sediul social \u00een Valea T\u00e2rnei 30, jude\u021bul Bihor, \u00eenregistrat\u0103 la Registrul Comer\u021bului sub nr. J05\/592\/2016, avand Cod Unic de \u00cenregistrare RO35821033, atribut fiscal RO. Nota de Informare\u2026","rel":"","context":"Similar post","block_context":{"text":"Similar post","link":""},"img":{"alt_text":"","src":"","width":0,"height":0},"classes":[]},{"id":2606,"url":"https:\/\/rosehiphill.ro\/en\/servicii\/","url_meta":{"origin":2819,"position":2},"title":"Servicii","author":"Nicolaie Toth","date":"16 March, 2023","format":false,"excerpt":"Servicii Rose Hip Hill La ferma Rose Hip Hill, pe l\u00e2ng\u0103 cultivarea fructelor, a plantelor organice \u0219i cre\u0219terea animalelor, oferim \u0219i cazare pentru oaspe\u021bi, \u00eentr-o loca\u021bie potrivit\u0103 pentru evenimente de familie, \u0219i teambuilding.\u00a0 Descoper\u0103 natura \u00een dealurile fabuloase ale Transilvaniei.Cei care aleg s\u0103 se cazeze la ferma noastr\u0103, pot lua\u2026","rel":"","context":"Similar post","block_context":{"text":"Similar post","link":""},"img":{"alt_text":"","src":"https:\/\/i0.wp.com\/rosehiphill.ro\/wp-content\/uploads\/2023\/03\/Rosehiphill-Guesthouse-living-2.jpg?resize=350%2C200&ssl=1","width":350,"height":200,"srcset":"https:\/\/i0.wp.com\/rosehiphill.ro\/wp-content\/uploads\/2023\/03\/Rosehiphill-Guesthouse-living-2.jpg?resize=350%2C200&ssl=1 1x, https:\/\/i0.wp.com\/rosehiphill.ro\/wp-content\/uploads\/2023\/03\/Rosehiphill-Guesthouse-living-2.jpg?resize=525%2C300&ssl=1 1.5x, https:\/\/i0.wp.com\/rosehiphill.ro\/wp-content\/uploads\/2023\/03\/Rosehiphill-Guesthouse-living-2.jpg?resize=700%2C400&ssl=1 2x"},"classes":[]},{"id":2549,"url":"https:\/\/rosehiphill.ro\/en\/cazare-la-ferma\/","url_meta":{"origin":2819,"position":3},"title":"Cazare la ferma Rose Hip Hill","author":"Nicolaie Toth","date":"14 March, 2023","format":false,"excerpt":"Cazare la ferma Rose Hip Hill Ferma Rose Hip Hill este acas\u0103 pentru familia noastr\u0103, dar \u0219i pentru cei care petrec c\u00e2teva zile la noi. Un loc potrivit pentru a petrece timpul cu familia, pentru a te relaxa, pentru a ie\u0219i din cotidian.Un loc potrivit, de asemnea, pentru copii, ace\u0219tia\u2026","rel":"","context":"Similar post","block_context":{"text":"Similar post","link":""},"img":{"alt_text":"","src":"https:\/\/i0.wp.com\/rosehiphill.ro\/wp-content\/uploads\/2023\/03\/galerie-copii-pe-gard.jpg?resize=350%2C200&ssl=1","width":350,"height":200,"srcset":"https:\/\/i0.wp.com\/rosehiphill.ro\/wp-content\/uploads\/2023\/03\/galerie-copii-pe-gard.jpg?resize=350%2C200&ssl=1 1x, https:\/\/i0.wp.com\/rosehiphill.ro\/wp-content\/uploads\/2023\/03\/galerie-copii-pe-gard.jpg?resize=525%2C300&ssl=1 1.5x, https:\/\/i0.wp.com\/rosehiphill.ro\/wp-content\/uploads\/2023\/03\/galerie-copii-pe-gard.jpg?resize=700%2C400&ssl=1 2x"},"classes":[]},{"id":2747,"url":"https:\/\/rosehiphill.ro\/en\/politica-de-confidentialitate\/","url_meta":{"origin":2819,"position":4},"title":"Politica de confiden\u021bialitate","author":"Nicolaie Toth","date":"20 March, 2023","format":false,"excerpt":"Politica de confiden\u021bialitate Rose Hip Hill Introducere Societatea comercial\u0103 ROSE HIP HILL SRL, \u00een calitate de autor, proprietar \u0219i administrator al site-ului web www.rosehiphill.ro, respect\u0103 caracterul privat \u0219i securitatea prelucr\u0103rii datelor cu caracter personal pentru fiecare persoan\u0103 care acceseaz\u0103 site-ul web \u00een vederea efectu\u0103rii de comenzi online. \u00cen conformitate cu\u2026","rel":"","context":"Similar post","block_context":{"text":"Similar post","link":""},"img":{"alt_text":"","src":"","width":0,"height":0},"classes":[]},{"id":2723,"url":"https:\/\/rosehiphill.ro\/en\/politica-cookies\/","url_meta":{"origin":2819,"position":5},"title":"Politica cookies","author":"Nicolaie Toth","date":"20 March, 2023","format":false,"excerpt":"Politica cookies Rose Hip Hill Politica privind modulele cookies Acest website folose\u0219te cookie-uri proprii \u0219i de la ter\u021bi pentru a furniza vizitatorilor o experien\u021b\u0103 mult mai bun\u0103 de navigare \u0219i servicii adaptate nevoilor \u0219i interesului fiec\u0103ruia. Cookie-urile joac\u0103 un rol important \u00een facilitarea accesului \u0219i livr\u0103rii multiplelor servicii de care\u2026","rel":"","context":"Similar post","block_context":{"text":"Similar post","link":""},"img":{"alt_text":"","src":"","width":0,"height":0},"classes":[]}],"_links":{"self":[{"href":"https:\/\/rosehiphill.ro\/en\/wp-json\/wp\/v2\/pages\/2819","targetHints":{"allow":["GET"]}}],"collection":[{"href":"https:\/\/rosehiphill.ro\/en\/wp-json\/wp\/v2\/pages"}],"about":[{"href":"https:\/\/rosehiphill.ro\/en\/wp-json\/wp\/v2\/types\/page"}],"author":[{"embeddable":true,"href":"https:\/\/rosehiphill.ro\/en\/wp-json\/wp\/v2\/users\/2"}],"replies":[{"embeddable":true,"href":"https:\/\/rosehiphill.ro\/en\/wp-json\/wp\/v2\/comments?post=2819"}],"version-history":[{"count":3,"href":"https:\/\/rosehiphill.ro\/en\/wp-json\/wp\/v2\/pages\/2819\/revisions"}],"predecessor-version":[{"id":4083,"href":"https:\/\/rosehiphill.ro\/en\/wp-json\/wp\/v2\/pages\/2819\/revisions\/4083"}],"wp:attachment":[{"href":"https:\/\/rosehiphill.ro\/en\/wp-json\/wp\/v2\/media?parent=2819"}],"curies":[{"name":"wp","href":"https:\/\/api.w.org\/{rel}","templated":true}]}}