{"id":2506,"date":"2023-03-09T14:41:43","date_gmt":"2023-03-09T12:41:43","guid":{"rendered":"https:\/\/rosehiphill.ro\/?page_id=2506"},"modified":"2024-04-20T23:45:28","modified_gmt":"2024-04-20T20:45:28","slug":"produse","status":"publish","type":"page","link":"https:\/\/rosehiphill.ro\/hu\/produse\/","title":{"rendered":"Term\u00e9kek"},"content":{"rendered":"<h1>Term\u00e9kek<\/h1>\n<h1>Rose Hip Hill<\/h1>\n<hr>\n<h2>Eg\u00e9szs\u00e9ges \u00e9lelmet termel\u00fcnk, nevel\u00fcnk \u00e9s \u00e1ll\u00edtunk el\u0151 csal\u00e1dunk \u00e9s vend\u00e9geink sz\u00e1m\u00e1ra.<\/h2>\n<div>\n<p>Az eg\u00e9szs\u00e9ges \u00e9let \u00e9s t\u00e1pl\u00e1lkoz\u00e1s ir\u00e1nti v\u00e1gyunk miatt a Ses-hegyen, t\u00f6bb mint 500 m\u00e9teres magass\u00e1gban, szennyezetlen k\u00f6rnyezetben, a forgalomt\u00f3l t\u00e1vol, hagyom\u00e1nyos gazdas\u00e1gunkat hoztuk l\u00e9tre. Minden n\u00f6v\u00e9ny\u00fcnk organikusan terem. A sz\u00f6rp\u00f6k \u00e9s lekv\u00e1rok adal\u00e9kanyagok \u00e9s tart\u00f3s\u00edt\u00f3szerek n\u00e9lk\u00fcl k\u00e9sz\u00fclnek, csak a minim\u00e1lis cukortartalom sz\u00fcks\u00e9ges ahhoz, hogy kellemesen fogyaszthat\u00f3ak legyenek. A gy\u00fcm\u00f6lcslevek pr\u00e9seltek \u00e9s paszt\u0151r\u00f6z\u00f6ttek, sok gy\u00fcm\u00f6lcsh\u00fassal, hozz\u00e1adott cukor n\u00e9lk\u00fcl. Megh\u00edvjuk \u00d6nt, hogy k\u00f3stolja meg \u00e9s fogyassza \u0151ket az \u00d6n \u00e9lvezete \u00e9s eg\u00e9szs\u00e9ge \u00e9rdek\u00e9ben.<\/p>\n<\/div>\n<ul>\n<li>\n<p><img decoding=\"async\" src=\"\/wp-content\/uploads\/2023\/05\/IMG_20200629_151856-scaled-e1684789139680.jpg\" alt=\"\" title=\"\"><\/p>\n<h2>Kanadai Affine<\/h2>\n<p><a href=\"#\"><\/a><\/p>\n<\/li>\n<li>\n<p><img decoding=\"async\" src=\"\/wp-content\/uploads\/2023\/05\/Photo-8-scaled-e1684531637331.jpg\" alt=\"\" title=\"\"><\/p>\n<h2>Fekete ribizli<\/h2>\n<p><a href=\"#\"><\/a><\/p>\n<\/li>\n<li>\n<p><img decoding=\"async\" src=\"\/wp-content\/uploads\/2023\/05\/2020-06-19-105107-scaled-e1684789550173.jpg\" alt=\"\" title=\"\"><\/p>\n<h2>Piros ribizli<\/h2>\n<p><a href=\"#\"><\/a><\/p>\n<\/li>\n<li>\n<p><img decoding=\"async\" src=\"\/wp-content\/uploads\/2023\/05\/IMG_20210707_202121-scaled.jpg\" alt=\"\" title=\"\"><\/p>\n<h2>Levendula<\/h2>\n<p><a href=\"#\"><\/a><\/p>\n<\/li>\n<li>\n<p><img decoding=\"async\" src=\"\/wp-content\/uploads\/2023\/05\/IMG_20200428_180933-scaled.jpg\" alt=\"\" title=\"\"><\/p>\n<h2>Levendulaolaj<\/h2>\n<p><a href=\"#\"><\/a><\/p>\n<\/li>\n<li>\n<p><img decoding=\"async\" src=\"\/wp-content\/uploads\/2023\/05\/IMG_20210619_125601-scaled.jpg\" alt=\"\" title=\"\"><\/p>\n<h2>Rosa Damascena<\/h2>\n<p><a href=\"#\"><\/a><\/p>\n<\/li>\n<li>\n<p><img decoding=\"async\" src=\"\/wp-content\/uploads\/2023\/05\/1120053-scaled.jpg\" alt=\"\" title=\"\"><\/p>\n<h2>Gy\u00f3gyte\u00e1k<\/h2>\n<\/li>\n<li>\n<p><img decoding=\"async\" src=\"\/wp-content\/uploads\/2024\/04\/DSC6200.jpg\" alt=\"\" title=\"\"><\/p>\n<h2>Bio gy\u00fcm\u00f6lcslekv\u00e1r<\/h2>\n<\/li>\n<li>\n<p><img decoding=\"async\" src=\"\/wp-content\/uploads\/2024\/04\/1230282-scaled.jpg\" alt=\"\" title=\"\"><\/p>\n<h2>Term\u00e9szetes gy\u00fcm\u00f6lcslevek<\/h2>\n<\/li>\n<li>\n<p><img decoding=\"async\" src=\"\/wp-content\/uploads\/2023\/05\/IMG_3487-1.JPG\" alt=\"\" title=\"\"><\/p>\n<h2>Kecsketej<\/h2>\n<\/li>\n<li>\n<p><img decoding=\"async\" src=\"\/wp-content\/uploads\/2023\/05\/Photo-13.jpg\" alt=\"\" title=\"\"><\/p>\n<h2>Kecsketejb\u0151l k\u00e9sz\u00fclt sajt<\/h2>\n<\/li>\n<li>\n<p><img decoding=\"async\" src=\"\/wp-content\/uploads\/2023\/05\/Photo-14-scaled-e1684790968152.jpg\" alt=\"\" title=\"\"><\/p>\n<h2>Kecskeh\u00fasb\u00f3l k\u00e9sz\u00fclt szal\u00e1mi<\/h2>\n<\/li>\n<\/ul>\n<table>\n<tbody>\n<tr>\n<td>150RON \/ kg<\/td>\n<td>\u00c9rlelt kecsketej sajt<\/td>\n<td>\n<p>korl\u00e1tozott k\u00e9szlet<\/p>\n<\/td>\n<td>\n        <a href=\"#\">Sample<\/a>\n    <\/td>\n<\/tr>\n<tr>\n<td>160RON \/ kg<\/td>\n<td>Extra \u00e9rlelt szal\u00e1mi kecskeh\u00fasb\u00f3l<\/td>\n<td>\n<p>korl\u00e1tozott k\u00e9szlet<\/p>\n<\/td>\n<td>\n        <a href=\"#\">Sample<\/a>\n    <\/td>\n<\/tr>\n<tr>\n<td>20RON \/ 320gr<\/td>\n<td>\u00c1fonya lekv\u00e1r<\/td>\n<td><\/td>\n<td>\n        <a href=\"#\">Sample<\/a>\n    <\/td>\n<\/tr>\n<tr>\n<td>20RON \/ 320gr<\/td>\n<td>\u00c1fonya lekv\u00e1r piros ribizlivel<\/td>\n<td><\/td>\n<td>\n        <a href=\"#\">Sample<\/a>\n    <\/td>\n<\/tr>\n<tr>\n<td>20RON \/ 320gr<\/td>\n<td>\u00c1fonya lekv\u00e1r levendul\u00e1val<\/td>\n<td><\/td>\n<td>\n        <a href=\"#\">Sample<\/a>\n    <\/td>\n<\/tr>\n<tr>\n<td>20RON \/ 320gr<\/td>\n<td>\u00c1fonya lekv\u00e1r r\u00f3zs\u00e1val <\/td>\n<td><\/td>\n<td>\n        <a href=\"#\">Sample<\/a>\n    <\/td>\n<\/tr>\n<tr>\n<td>20RON \/ 320gr<\/td>\n<td>\u00c1fonya-, feketeribizli- \u00e9s ribizlilekv\u00e1r<\/td>\n<td><\/td>\n<td>\n        <a href=\"#\">Sample<\/a>\n    <\/td>\n<\/tr>\n<tr>\n<td>20RON \/ 320gr<\/td>\n<td>Piros ribizli lekv\u00e1r <\/td>\n<td><\/td>\n<td>\n        <a href=\"#\">Sample<\/a>\n    <\/td>\n<\/tr>\n<tr>\n<td>20RON \/ 320gr<\/td>\n<td>Fekete ribizli lekv\u00e1r<\/td>\n<td><\/td>\n<td>\n    <\/td>\n<\/tr>\n<tr>\n<td>20RON \/ 320gr<\/td>\n<td>R\u00f3zsalekv\u00e1r piros ribizli l\u00e9vel<\/td>\n<td><\/td>\n<td>\n    <\/td>\n<\/tr>\n<tr>\n<td>20RON \/ 320gr<\/td>\n<td>K\u00f6rte lekv\u00e1r \u00e1nizzsal<\/td>\n<td><\/td>\n<td>\n    <\/td>\n<\/tr>\n<tr>\n<td>20RON \/ 320gr<\/td>\n<td>Cukormentes almasz\u00f3sz csecsem\u0151knek<\/td>\n<td><\/td>\n<td>\n    <\/td>\n<\/tr>\n<tr>\n<td>15RON \/ 330ml<\/td>\n<td>Levendula szirup<\/td>\n<td><\/td>\n<td>\n    <\/td>\n<\/tr>\n<tr>\n<td>60RON \/ l<\/td>\n<td>\u00c1fonya nekt\u00e1r (cukormentes)<\/td>\n<td><\/td>\n<td>\n    <\/td>\n<\/tr>\n<tr>\n<td>60RON \/ l<\/td>\n<td>Ribizli nekt\u00e1r (cukormentes)<\/td>\n<td><\/td>\n<td>\n    <\/td>\n<\/tr>\n<tr>\n<td>20RON \/ 330ml<\/td>\n<td>Ribizli nekt\u00e1r (cukormentes)<\/td>\n<td><\/td>\n<td>\n    <\/td>\n<\/tr>\n<tr>\n<td>20RON \/ 330ml<\/td>\n<td>Fekete ribizli nekt\u00e1r (cukormentes)<\/td>\n<td><\/td>\n<td>\n    <\/td>\n<\/tr>\n<tr>\n<td>25RON \/ 3 l<\/td>\n<td>Almal\u00e9<\/td>\n<td><\/td>\n<td>\n    <\/td>\n<\/tr>\n<tr>\n<td>25RON \/ 30gr<\/td>\n<td>Levendula tea<\/td>\n<td><\/td>\n<td>\n    <\/td>\n<\/tr>\n<tr>\n<td>30RON \/ 0.75l<\/td>\n<td>H\u00e1zi v\u00f6r\u00f6sbor<\/td>\n<td><\/td>\n<td>\n    <\/td>\n<\/tr>\n<tr>\n<td>50RON \/ 0.75l<\/td>\n<td>Fekete ribizli bor<\/td>\n<td><\/td>\n<td>\n    <\/td>\n<\/tr>\n<tr>\n<td>40RON \/ 10ml<\/td>\n<td>Levendulaolaj (cseppent\u0151 vagy roll-on \u00fcveg) <\/td>\n<td><\/td>\n<td>\n    <\/td>\n<\/tr>\n<tr>\n<td>10RON \/ darab<\/td>\n<td>Saskatoon \u00e1fonya n\u00f6v\u00e9ny<\/td>\n<td><\/td>\n<td>\n    <\/td>\n<\/tr>\n<tr>\n<td>6RON \/ darab<\/td>\n<td>Fekete cochineal n\u00f6v\u00e9nyek <\/td>\n<td><\/td>\n<td>\n    <\/td>\n<\/tr>\n<tr>\n<td>6RON \/ darab<\/td>\n<td>Piros ribizli n\u00f6v\u00e9nyek <\/td>\n<td><\/td>\n<td>\n    <\/td>\n<\/tr>\n<\/tbody>\n<\/table>\n<p><!--more--><br \/>\n<!-- {\"type\":\"layout\",\"children\":[{\"type\":\"section\",\"props\":{\"height\":\"section\",\"height_offset_top\":true,\"image\":\"wp-content\\\/uploads\\\/2023\\\/06\\\/Point-Blur_Jul032020_080447-scaled.jpg\",\"image_effect\":\"parallax\",\"image_parallax_bgx\":\"0 0%\",\"image_parallax_bgy\":\"130\",\"image_position\":\"center-center\",\"image_size\":\"cover\",\"style\":\"default\",\"title_breakpoint\":\"xl\",\"title_position\":\"top-left\",\"title_rotation\":\"left\",\"vertical_align\":\"middle\",\"width\":\"\"},\"children\":[{\"type\":\"row\",\"children\":[{\"type\":\"column\",\"props\":{\"image_effect\":\"parallax\",\"image_parallax_bgy\":\"30\",\"image_position\":\"center-center\",\"image_size\":\"contain\",\"position_sticky_breakpoint\":\"m\",\"vertical_align\":\"middle\"},\"children\":[{\"type\":\"divider\",\"props\":{\"css\":\".el-element {\\nopacity: 0;\\n}\",\"divider_element\":\"div\",\"divider_style\":\"vertical\"}},{\"type\":\"headline\",\"props\":{\"content\":\"Produse\",\"css\":\".el-element {\\nfilter: drop-shadow(2px 1px 3px rgb(0 0 0 \\\/ 0.86));\\n}\",\"margin_remove_bottom\":true,\"text_align\":\"center\",\"title_color\":\"warning\",\"title_element\":\"h1\",\"title_style\":\"text-large\"}},{\"type\":\"headline\",\"props\":{\"content\":\"Rose Hip Hill\",\"css\":\".el-element {\\nfilter: drop-shadow(2px 1px 3px rgb(0 0 0 \\\/ 0.86));\\n}\",\"margin_remove_top\":true,\"text_align\":\"center\",\"title_color\":\"warning\",\"title_element\":\"h1\",\"title_style\":\"heading-large\"}},{\"type\":\"divider\",\"props\":{\"css\":\".el-element  {\\nfilter: invert(100%) sepia(100%) saturate(0%) brightness(150%) contrast(150%) drop-shadow(2px 1px 3px rgb(0 0 0 \\\/ 0.86));;\\n}\",\"divider_element\":\"hr\",\"divider_style\":\"icon\"}}]}],\"props\":{\"margin\":\"xlarge\",\"match\":false,\"row_gap\":\"large\"}}],\"name\":\"Top pagina\"},{\"type\":\"section\",\"props\":{\"image_position\":\"center-center\",\"overlap\":false,\"style\":\"default\",\"title_breakpoint\":\"xl\",\"title_position\":\"top-left\",\"title_rotation\":\"left\",\"vertical_align\":\"middle\",\"width\":\"default\"},\"children\":[{\"type\":\"row\",\"children\":[{\"type\":\"column\",\"props\":{\"image_position\":\"center-center\",\"position_sticky_breakpoint\":\"m\"},\"children\":[{\"type\":\"headline\",\"props\":{\"content\":\"Cultiv\\u0103m, cre\\u0219tem \\u0219i producem m\\u00e2ncare s\\u0103n\\u0103toas\\u0103 pentru familia noastr\\u0103, \\u0219i pentru oaspe\\u021bii no\\u0219tri\",\"title_color\":\"primary\",\"title_decoration\":\"line\",\"title_element\":\"h2\",\"title_font_family\":\"primary\",\"title_style\":\"h3\"}}]}]},{\"type\":\"row\",\"children\":[{\"type\":\"column\",\"props\":{\"image_position\":\"center-center\",\"position_sticky_breakpoint\":\"m\"},\"children\":[{\"type\":\"text\",\"props\":{\"column_breakpoint\":\"m\",\"content\":\"\n\n<p>Din dorin\\u021ba de a tr\\u0103i \\u0219i a m\\u00e2nca s\\u0103n\\u0103tos am \\u00eenfiin\\u021bat ferma noastr\\u0103 tradi\\u021bional\\u0103 pe Muntele \\u0218es, la o altitudine de peste 500 de metri, \\u00eentr-un mediu nepoluat, departe de trafic. Toate plantele noastre cresc organic. Siropurile \\u0219i gemurile se prepar\\u0103 f\\u0103r\\u0103 aditivi \\u0219i conservan\\u021bi, doar minimul de zah\\u0103r pentru a fi pl\\u0103cute la consum. Sucurile sunt presate \\u0219i pasteurizate, cu mult\\u0103 pulp\\u0103, f\\u0103r\\u0103 adaos de zah\\u0103r. V\\u0103 invit\\u0103m s\\u0103 le \\u00eencerca\\u021bi \\u0219i s\\u0103 consuma\\u021bi, pentru pl\\u0103cerea \\u0219i s\\u0103n\\u0103tatea dumneavoastr\\u0103.<\\\/p>\",\"margin\":\"default\"}}]}]}]},{\"type\":\"section\",\"props\":{\"image_position\":\"center-center\",\"padding\":\"large\",\"padding_remove_bottom\":true,\"padding_remove_top\":true,\"style\":\"muted\",\"title_breakpoint\":\"xl\",\"title_position\":\"top-left\",\"title_rotation\":\"left\",\"vertical_align\":\"middle\",\"width\":\"xlarge\"},\"children\":[{\"type\":\"row\",\"children\":[{\"type\":\"column\",\"props\":{\"image_position\":\"center-center\",\"position_sticky_breakpoint\":\"m\",\"width_medium\":\"1-1\"},\"children\":[{\"type\":\"grid\",\"props\":{\"content_column_breakpoint\":\"m\",\"content_margin\":\"small\",\"filter_align\":\"left\",\"filter_all\":true,\"filter_grid_breakpoint\":\"m\",\"filter_grid_width\":\"auto\",\"filter_position\":\"top\",\"filter_style\":\"tab\",\"grid_default\":\"1\",\"grid_large\":\"3\",\"grid_medium\":\"\",\"grid_small\":\"2\",\"icon_ratio\":4,\"icon_width\":80,\"image_align\":\"top\",\"image_grid_breakpoint\":\"m\",\"image_grid_width\":\"1-2\",\"image_height\":\"400\",\"image_link\":true,\"image_svg_color\":\"emphasis\",\"image_width\":\"610\",\"item_animation\":true,\"lightbox\":true,\"link_style\":\"text\",\"link_text\":\"\",\"margin\":\"large\",\"margin_remove_top\":true,\"meta_align\":\"below-content\",\"meta_color\":\"muted\",\"meta_element\":\"div\",\"meta_style\":\"h6\",\"panel_image_no_padding\":true,\"panel_link\":false,\"panel_padding\":\"default\",\"parallax_easing\":\"1\",\"show_content\":true,\"show_image\":true,\"show_link\":true,\"show_meta\":true,\"show_title\":true,\"text_align\":\"center\",\"title_align\":\"top\",\"title_element\":\"h2\",\"title_grid_breakpoint\":\"m\",\"title_grid_width\":\"1-2\",\"title_hover_style\":\"reset\",\"title_link\":true,\"title_style\":\"h3\"},\"children\":[{\"type\":\"grid_item\",\"props\":{\"content\":\"\",\"image\":\"wp-content\\\/uploads\\\/2023\\\/05\\\/IMG_20200629_151856-scaled-e1684789139680.jpg\",\"link\":\"#\",\"title\":\"Afine Canadiene\"}},{\"type\":\"grid_item\",\"props\":{\"content\":\"\",\"image\":\"wp-content\\\/uploads\\\/2023\\\/05\\\/Photo-8-scaled-e1684531637331.jpg\",\"link\":\"#\",\"title\":\"Coac\\u0103ze negre\"}},{\"type\":\"grid_item\",\"props\":{\"content\":\"\",\"image\":\"wp-content\\\/uploads\\\/2023\\\/05\\\/2020-06-19-105107-scaled-e1684789550173.jpg\",\"link\":\"#\",\"title\":\"Coac\\u0103ze ro\\u0219ii\"}},{\"type\":\"grid_item\",\"props\":{\"content\":\"\",\"image\":\"wp-content\\\/uploads\\\/2023\\\/05\\\/IMG_20210707_202121-scaled.jpg\",\"link\":\"#\",\"title\":\"Lavand\\u0103\"}},{\"type\":\"grid_item\",\"props\":{\"content\":\"\",\"image\":\"wp-content\\\/uploads\\\/2023\\\/05\\\/IMG_20200428_180933-scaled.jpg\",\"link\":\"#\",\"title\":\"Ulei de lavand\\u0103\"}},{\"type\":\"grid_item\",\"props\":{\"content\":\"\",\"image\":\"wp-content\\\/uploads\\\/2023\\\/05\\\/IMG_20210619_125601-scaled.jpg\",\"link\":\"#\",\"title\":\"Rosa Damascena\"}},{\"type\":\"grid_item\",\"props\":{\"image\":\"wp-content\\\/uploads\\\/2023\\\/05\\\/1120053-scaled.jpg\",\"title\":\"Ceaiuri din plante medicinale\"}},{\"type\":\"grid_item\",\"props\":{\"image\":\"wp-content\\\/uploads\\\/2024\\\/04\\\/DSC6200.jpg\",\"title\":\"Gemuri din fructe organice\"}},{\"type\":\"grid_item\",\"props\":{\"image\":\"wp-content\\\/uploads\\\/2024\\\/04\\\/1230282-scaled.jpg\",\"title\":\"Sucuri naturale de fructe\"}},{\"type\":\"grid_item\",\"props\":{\"image\":\"wp-content\\\/uploads\\\/2023\\\/05\\\/IMG_3487-1.JPG\",\"title\":\"Lapte de capr\\u0103\"}},{\"type\":\"grid_item\",\"props\":{\"image\":\"wp-content\\\/uploads\\\/2023\\\/05\\\/Photo-13.jpg\",\"title\":\"Ca\\u0219caval din lapte de capr\\u0103\"}},{\"type\":\"grid_item\",\"props\":{\"image\":\"wp-content\\\/uploads\\\/2023\\\/05\\\/Photo-14-scaled-e1684790968152.jpg\",\"title\":\"Salam din carne de capr\\u0103\"}}]}]}]}],\"name\":\"Posts\"},{\"type\":\"section\",\"props\":{\"image_position\":\"center-center\",\"padding_remove_horizontal\":false,\"padding_remove_top\":true,\"style\":\"default\",\"title_breakpoint\":\"xl\",\"title_position\":\"top-left\",\"title_rotation\":\"left\",\"vertical_align\":\"middle\",\"width\":\"default\"},\"children\":[{\"type\":\"row\",\"children\":[{\"type\":\"column\",\"props\":{\"image_position\":\"center-center\",\"position_sticky_breakpoint\":\"m\",\"width_medium\":\"1-2\"},\"children\":[{\"name\":\"Table Size Small Style Divider\",\"type\":\"table\",\"children\":[{\"type\":\"table_item\",\"props\":{\"content\":\"\n\n<p>stoc limitat<\\\/p>\",\"link\":\"#\",\"meta\":\"Cascaval maturat din lapte de capr\\u0103\",\"title\":\"150RON \\\/ kg\"}},{\"type\":\"table_item\",\"props\":{\"content\":\"\n\n<p>stoc limitat<\\\/p>\",\"link\":\"#\",\"meta\":\"Salam maturat extra din carne capr\\u0103\",\"title\":\"160RON \\\/ kg\"}},{\"type\":\"table_item\",\"props\":{\"link\":\"#\",\"meta\":\"Gem de afine\",\"title\":\"20RON \\\/ 320gr\"}},{\"type\":\"table_item\",\"props\":{\"link\":\"#\",\"meta\":\"Gem de afine cu co\\u0103caze ro\\u0219ii\",\"title\":\"20RON \\\/ 320gr\"}},{\"type\":\"table_item\",\"props\":{\"link\":\"#\",\"meta\":\"Gem de afine cu lavanda\",\"title\":\"20RON \\\/ 320gr\"}},{\"type\":\"table_item\",\"props\":{\"link\":\"#\",\"meta\":\"Gem de afine cu trandafir \",\"title\":\"20RON \\\/ 320gr\"}},{\"type\":\"table_item\",\"props\":{\"link\":\"#\",\"meta\":\"Gem de afine, coac\\u0103ze negre \\u0219i coac\\u0103ze ro\\u0219ii\",\"title\":\"20RON \\\/ 320gr\"}},{\"type\":\"table_item\",\"props\":{\"link\":\"#\",\"meta\":\"Gem de coacaze rosii \",\"title\":\"20RON \\\/ 320gr\"}},{\"type\":\"table_item\",\"props\":{\"meta\":\"Gem de coac\\u0103ze negre\",\"title\":\"20RON \\\/ 320gr\"}},{\"type\":\"table_item\",\"props\":{\"meta\":\"Gem de trandafir cu suc de coac\\u0103ze ro\\u0219ii\",\"title\":\"20RON \\\/ 320gr\"}},{\"type\":\"table_item\",\"props\":{\"meta\":\"Gem de pere cu anason\",\"title\":\"20RON \\\/ 320gr\"}},{\"type\":\"table_item\",\"props\":{\"meta\":\"Piure de mere f\\u0103r\\u0103 zah\\u0103r pentru bebelu\\u0219i\",\"title\":\"20RON \\\/ 320gr\"}},{\"type\":\"table_item\",\"props\":{\"meta\":\"Sirop lavand\\u0103\",\"title\":\"15RON \\\/ 330ml\"}},{\"type\":\"table_item\",\"props\":{\"meta\":\"Nectar afine (f\\u0103r\\u0103 zah\\u0103r)\",\"title\":\"60RON \\\/ l\"}},{\"type\":\"table_item\",\"props\":{\"meta\":\"Nectar coac\\u0103ze ro\\u0219ii (f\\u0103r\\u0103 zah\\u0103r)\",\"title\":\"60RON \\\/ l\"}},{\"type\":\"table_item\",\"props\":{\"meta\":\"Nectar coac\\u0103ze ro\\u0219ii (f\\u0103r\\u0103 zah\\u0103r)\",\"title\":\"20RON \\\/ 330ml\"}},{\"type\":\"table_item\",\"props\":{\"meta\":\"Nectar coac\\u0103ze negre (f\\u0103r\\u0103 zah\\u0103r)\",\"title\":\"20RON \\\/ 330ml\"}},{\"type\":\"table_item\",\"props\":{\"meta\":\"Suc de mere\",\"title\":\"25RON \\\/ 3 l\"}},{\"type\":\"table_item\",\"props\":{\"meta\":\"Ceai de lavand\\u0103\",\"title\":\"25RON \\\/ 30gr\"}},{\"type\":\"table_item\",\"props\":{\"meta\":\"Vin ro\\u0219u de casa\",\"title\":\"30RON \\\/ 0.75l\"}},{\"type\":\"table_item\",\"props\":{\"meta\":\"Vin de coac\\u0103ze negre\",\"title\":\"50RON \\\/ 0.75l\"}},{\"type\":\"table_item\",\"props\":{\"meta\":\"Ulei de lavand\\u0103 (sticlu\\u021b\\u0103 cu picur\\u0103tor sau cu roll-on) \",\"title\":\"40RON \\\/ 10ml\"}},{\"type\":\"table_item\",\"props\":{\"meta\":\"Plante de afin Saskatoon\",\"title\":\"10RON \\\/ buc\"}},{\"type\":\"table_item\",\"props\":{\"meta\":\"Plante de coacaze negre \",\"title\":\"6RON \\\/ buc\"}},{\"type\":\"table_item\",\"props\":{\"meta\":\"Plante de coac\\u0103ze ro\\u0219ii \",\"title\":\"6RON \\\/ buc\"}}],\"props\":{\"image_svg_color\":\"emphasis\",\"link_size\":\"small\",\"link_style\":\"text\",\"link_text\":\"Sample\",\"meta_style\":\"text-meta\",\"show_content\":true,\"show_image\":false,\"show_link\":false,\"show_meta\":true,\"show_title\":true,\"table_hover\":false,\"table_justify\":true,\"table_last_align\":\"left\",\"table_layout\":\"1\",\"table_order\":\"1\",\"table_responsive\":\"overflow\",\"table_size\":\"small\",\"table_style\":\"divider\",\"table_vertical_align\":true,\"table_width_meta\":\"shrink\",\"table_width_title\":\"shrink\"}}]},{\"type\":\"column\",\"props\":{\"image_position\":\"center-center\",\"position_sticky_breakpoint\":\"m\",\"width_medium\":\"1-2\"}}],\"props\":{\"layout\":\"1-2,1-2\"}}]}],\"version\":\"4.3.5\"} --><\/p>","protected":false},"excerpt":{"rendered":"<p>Produse Rose Hip Hill Cultiv\u0103m, cre\u0219tem \u0219i producem m\u00e2ncare s\u0103n\u0103toas\u0103 pentru familia noastr\u0103, \u0219i pentru oaspe\u021bii no\u0219tri Din dorin\u021ba de a tr\u0103i \u0219i a m\u00e2nca s\u0103n\u0103tos am \u00eenfiin\u021bat ferma noastr\u0103 tradi\u021bional\u0103 pe Muntele \u0218es, la o altitudine de peste 500 de metri, \u00eentr-un mediu nepoluat, departe de trafic. Toate plantele noastre cresc organic. Siropurile \u0219i [&hellip;]<\/p>","protected":false},"author":2,"featured_media":0,"parent":0,"menu_order":0,"comment_status":"closed","ping_status":"closed","template":"","meta":{"_acf_changed":false,"footnotes":""},"class_list":["post-2506","page","type-page","status-publish","hentry"],"acf":[],"jetpack_sharing_enabled":true,"jetpack_likes_enabled":true,"jetpack-related-posts":[{"id":2875,"url":"https:\/\/rosehiphill.ro\/hu\/despre-noi\/","url_meta":{"origin":2506,"position":0},"title":"Despre noi","author":"Nicolaie Toth","date":"24 m\u00e1rcius, 2023","format":false,"excerpt":"Despre noi Rose Hip Hill Ferma Rose Hip Hill este acas\u0103 pentru familia noastr\u0103, dar \u0219i pentru cei care petrec c\u00e2teva zile la noi. C\u00e2nd fumul devine prea dens \u0219i zgomotul devine prea puternic \u00een ora\u0219, oamenii nu \u00ee\u0219i doresc doar s\u0103 tr\u0103iasc\u0103 la \u021bar\u0103, ci \u00ee\u0219i doresc un loc\u2026","rel":"","context":"Similar post","block_context":{"text":"Similar post","link":""},"img":{"alt_text":"","src":"https:\/\/i0.wp.com\/rosehiphill.ro\/wp-content\/uploads\/2023\/03\/galerie-camera-plum.jpg?resize=350%2C200&ssl=1","width":350,"height":200,"srcset":"https:\/\/i0.wp.com\/rosehiphill.ro\/wp-content\/uploads\/2023\/03\/galerie-camera-plum.jpg?resize=350%2C200&ssl=1 1x, https:\/\/i0.wp.com\/rosehiphill.ro\/wp-content\/uploads\/2023\/03\/galerie-camera-plum.jpg?resize=525%2C300&ssl=1 1.5x, https:\/\/i0.wp.com\/rosehiphill.ro\/wp-content\/uploads\/2023\/03\/galerie-camera-plum.jpg?resize=700%2C400&ssl=1 2x"},"classes":[]},{"id":2606,"url":"https:\/\/rosehiphill.ro\/hu\/servicii\/","url_meta":{"origin":2506,"position":1},"title":"Servicii","author":"Nicolaie Toth","date":"16 m\u00e1rcius, 2023","format":false,"excerpt":"Servicii Rose Hip Hill La ferma Rose Hip Hill, pe l\u00e2ng\u0103 cultivarea fructelor, a plantelor organice \u0219i cre\u0219terea animalelor, oferim \u0219i cazare pentru oaspe\u021bi, \u00eentr-o loca\u021bie potrivit\u0103 pentru evenimente de familie, \u0219i teambuilding.\u00a0 Descoper\u0103 natura \u00een dealurile fabuloase ale Transilvaniei.Cei care aleg s\u0103 se cazeze la ferma noastr\u0103, pot lua\u2026","rel":"","context":"Similar post","block_context":{"text":"Similar post","link":""},"img":{"alt_text":"","src":"https:\/\/i0.wp.com\/rosehiphill.ro\/wp-content\/uploads\/2023\/03\/Rosehiphill-Guesthouse-living-2.jpg?resize=350%2C200&ssl=1","width":350,"height":200,"srcset":"https:\/\/i0.wp.com\/rosehiphill.ro\/wp-content\/uploads\/2023\/03\/Rosehiphill-Guesthouse-living-2.jpg?resize=350%2C200&ssl=1 1x, https:\/\/i0.wp.com\/rosehiphill.ro\/wp-content\/uploads\/2023\/03\/Rosehiphill-Guesthouse-living-2.jpg?resize=525%2C300&ssl=1 1.5x, https:\/\/i0.wp.com\/rosehiphill.ro\/wp-content\/uploads\/2023\/03\/Rosehiphill-Guesthouse-living-2.jpg?resize=700%2C400&ssl=1 2x"},"classes":[]},{"id":2500,"url":"https:\/\/rosehiphill.ro\/hu\/evenimente\/","url_meta":{"origin":2506,"position":2},"title":"Evenimente","author":"Nicolaie Toth","date":"9 m\u00e1rcius, 2023","format":false,"excerpt":"Evenimente Rose Hip Hill Picnic la ferm\u0103, cu familia sau cu prietenii, \u00een sezonul fructelor sau oric\u00e2nd, la mas\u0103 festiv\u0103 sau \u00een aer liber La ferma noastr\u0103 de trei hectare, gardul le ofer\u0103 p\u0103rin\u021bilor un sentiment de siguran\u021b\u0103, dar copiii \u00een acela\u0219i timp simt un sentiment de libertate f\u0103r\u0103 limite.\u2026","rel":"","context":"Similar post","block_context":{"text":"Similar post","link":""},"img":{"alt_text":"","src":"","width":0,"height":0},"classes":[]},{"id":2819,"url":"https:\/\/rosehiphill.ro\/hu\/regulamentul-pensiunii\/","url_meta":{"origin":2506,"position":3},"title":"Regulamentul pensiunii","author":"Nicolaie Toth","date":"21 m\u00e1rcius, 2023","format":false,"excerpt":"Regulamentul pensiunii Rose Hip Hill Prevederi generale 1. Fumatul este interzis peste tot \u00een interior, inclusiv pe balcoanele camerelor. 2. Aprinderea lum\u00e2n\u0103rilor, sau a altor produse inflamabile este interzis. 3. Organizarea de partyuri este permis\u0103 doar cu acordul proprietarului. 4. Decorarea spa\u021biului, cu ocazia unor evenimente, este permis\u0103 doar cu\u2026","rel":"","context":"Similar post","block_context":{"text":"Similar post","link":""},"img":{"alt_text":"","src":"","width":0,"height":0},"classes":[]},{"id":2549,"url":"https:\/\/rosehiphill.ro\/hu\/cazare-la-ferma\/","url_meta":{"origin":2506,"position":4},"title":"Cazare la ferma Rose Hip Hill","author":"Nicolaie Toth","date":"14 m\u00e1rcius, 2023","format":false,"excerpt":"Cazare la ferma Rose Hip Hill Ferma Rose Hip Hill este acas\u0103 pentru familia noastr\u0103, dar \u0219i pentru cei care petrec c\u00e2teva zile la noi. Un loc potrivit pentru a petrece timpul cu familia, pentru a te relaxa, pentru a ie\u0219i din cotidian.Un loc potrivit, de asemnea, pentru copii, ace\u0219tia\u2026","rel":"","context":"Similar post","block_context":{"text":"Similar post","link":""},"img":{"alt_text":"","src":"https:\/\/i0.wp.com\/rosehiphill.ro\/wp-content\/uploads\/2023\/03\/galerie-copii-pe-gard.jpg?resize=350%2C200&ssl=1","width":350,"height":200,"srcset":"https:\/\/i0.wp.com\/rosehiphill.ro\/wp-content\/uploads\/2023\/03\/galerie-copii-pe-gard.jpg?resize=350%2C200&ssl=1 1x, https:\/\/i0.wp.com\/rosehiphill.ro\/wp-content\/uploads\/2023\/03\/galerie-copii-pe-gard.jpg?resize=525%2C300&ssl=1 1.5x, https:\/\/i0.wp.com\/rosehiphill.ro\/wp-content\/uploads\/2023\/03\/galerie-copii-pe-gard.jpg?resize=700%2C400&ssl=1 2x"},"classes":[]},{"id":2794,"url":"https:\/\/rosehiphill.ro\/hu\/blog\/","url_meta":{"origin":2506,"position":5},"title":"Blog","author":"Nicolaie Toth","date":"21 m\u00e1rcius, 2023","format":false,"excerpt":"Blog Rose Hip Hill Hai s\u0103 bem o cafea... Vom \u00eemp\u0103rt\u0103\u0219i nout\u0103\u021bi de la Rose Hip Hill, despre via\u021ba la \u021bar\u0103, ideile \u0219i principiile noastre... Carnea de Capr\u0103 de la Rose Hip Hill 14 August 2025 La Rose Hip Hill, carnea de capr\u0103 este ingredientul principal \u00een preparate variate, cum\u2026","rel":"","context":"Similar post","block_context":{"text":"Similar post","link":""},"img":{"alt_text":"","src":"https:\/\/i0.wp.com\/rosehiphill.ro\/wp-content\/uploads\/2023\/05\/1160066-scaled.jpg?resize=350%2C200&ssl=1","width":350,"height":200,"srcset":"https:\/\/i0.wp.com\/rosehiphill.ro\/wp-content\/uploads\/2023\/05\/1160066-scaled.jpg?resize=350%2C200&ssl=1 1x, https:\/\/i0.wp.com\/rosehiphill.ro\/wp-content\/uploads\/2023\/05\/1160066-scaled.jpg?resize=525%2C300&ssl=1 1.5x, https:\/\/i0.wp.com\/rosehiphill.ro\/wp-content\/uploads\/2023\/05\/1160066-scaled.jpg?resize=700%2C400&ssl=1 2x, https:\/\/i0.wp.com\/rosehiphill.ro\/wp-content\/uploads\/2023\/05\/1160066-scaled.jpg?resize=1050%2C600&ssl=1 3x, https:\/\/i0.wp.com\/rosehiphill.ro\/wp-content\/uploads\/2023\/05\/1160066-scaled.jpg?resize=1400%2C800&ssl=1 4x"},"classes":[]}],"_links":{"self":[{"href":"https:\/\/rosehiphill.ro\/hu\/wp-json\/wp\/v2\/pages\/2506","targetHints":{"allow":["GET"]}}],"collection":[{"href":"https:\/\/rosehiphill.ro\/hu\/wp-json\/wp\/v2\/pages"}],"about":[{"href":"https:\/\/rosehiphill.ro\/hu\/wp-json\/wp\/v2\/types\/page"}],"author":[{"embeddable":true,"href":"https:\/\/rosehiphill.ro\/hu\/wp-json\/wp\/v2\/users\/2"}],"replies":[{"embeddable":true,"href":"https:\/\/rosehiphill.ro\/hu\/wp-json\/wp\/v2\/comments?post=2506"}],"version-history":[{"count":3,"href":"https:\/\/rosehiphill.ro\/hu\/wp-json\/wp\/v2\/pages\/2506\/revisions"}],"predecessor-version":[{"id":4168,"href":"https:\/\/rosehiphill.ro\/hu\/wp-json\/wp\/v2\/pages\/2506\/revisions\/4168"}],"wp:attachment":[{"href":"https:\/\/rosehiphill.ro\/hu\/wp-json\/wp\/v2\/media?parent=2506"}],"curies":[{"name":"wp","href":"https:\/\/api.w.org\/{rel}","templated":true}]}}