{"id":2753,"date":"2023-03-20T12:51:40","date_gmt":"2023-03-20T12:51:40","guid":{"rendered":"https:\/\/rosehiphill.ro\/?page_id=2753"},"modified":"2024-08-02T22:36:39","modified_gmt":"2024-08-02T19:36:39","slug":"contact","status":"publish","type":"page","link":"https:\/\/rosehiphill.ro\/hu\/contact\/","title":{"rendered":"Kapcsolat"},"content":{"rendered":"<h4>Kapcsolat<\/h4>\n<h1>Rose Hip Hill<\/h1>\n<hr>\n<h2>Itt vagyunk, hogy v\u00e1laszoljunk minden k\u00e9rd\u00e9s\u00e9re!<\/h2>\n<div>\n<p>K\u00edv\u00e1ncsiak vagyunk a v\u00e9lem\u00e9ny\u00e9re! K\u00fcldj\u00f6n nek\u00fcnk egy e-mailt, \u00e9s amint tudunk, v\u00e1laszolunk \u00d6nnek.<\/p>\n<\/div>\n<p>\n    <a href=\"mailto:contact@rosehiphill.ro\">\u00dczenet k\u00fcld\u00e9se<\/a>\n<\/p>\n<h2>Kapcsolat<\/h2>\n<div>\n<p><a class=\"uk-link-reset\" href=\"tel:+40755759059\">+40 755 759 059<\/a><br \/><a class=\"uk-link-reset\" href=\"mailto:contact@rosehiphill.ro\">contact@rosehiphill.ro<\/a><\/p>\n<\/div>\n<h3>V\u00e1lassz egy szabad id\u0151pontot:<\/h3>\n<p>\n    <a href=\"\/hu\/calendar2\/\">Napt\u00e1r<\/a>\n<\/p>\n<div>\n<p> <iframe loading=\"lazy\" width=\"100%\" height=\"350\" frameborder=\"0\" scrolling=\"no\" marginheight=\"0\" marginwidth=\"0\"\n        src=\"https:\/\/www.google.com\/maps\/embed?pb=!1m18!1m12!1m3!1d6180.815094582033!2d22.54101670753356!3d47.14283255871534!2m3!1f0!2f0!3f0!3m2!1i1024!2i768!4f1585!3m3!1m2!1s0x47487f78284c1687%3A0xacb99153782273d6!2sRose+Hip+Hill+Farm!5e0!3m2!1sen!2sro!4v1537604214947\"><\/iframe>\n<\/p>\n<\/div>\n<p><!--more--><br \/>\n<!-- {\"type\":\"layout\",\"children\":[{\"type\":\"section\",\"props\":{\"header_transparent\":false,\"header_transparent_noplaceholder\":true,\"height\":\"section\",\"height_offset_top\":true,\"image\":\"wp-content\\\/uploads\\\/2024\\\/02\\\/1400105-scaled.jpg\",\"image_effect\":\"parallax\",\"image_loading\":true,\"image_parallax_bgx\":\"0 0%\",\"image_parallax_bgy\":\"130\",\"image_position\":\"center-left\",\"image_size\":\"cover\",\"overlap\":false,\"padding_remove_top\":false,\"sticky\":\"cover\",\"style\":\"default\",\"title_breakpoint\":\"xl\",\"title_position\":\"top-left\",\"title_rotation\":\"left\",\"vertical_align\":\"middle\",\"width\":\"\"},\"children\":[{\"type\":\"row\",\"children\":[{\"type\":\"column\",\"props\":{\"image_effect\":\"parallax\",\"image_parallax_bgy\":\"30\",\"image_position\":\"center-center\",\"image_size\":\"contain\",\"position_sticky_breakpoint\":\"m\",\"vertical_align\":\"middle\"},\"children\":[{\"type\":\"divider\",\"props\":{\"css\":\".el-element {\\nopacity: 0;\\n}\",\"divider_element\":\"div\",\"divider_style\":\"vertical\"}},{\"type\":\"headline\",\"props\":{\"content\":\"Contact\",\"css\":\".el-element {\\nfilter: drop-shadow(2px 1px 3px rgb(0 0 0 \\\/ 0.86));\\n}\",\"margin_remove_bottom\":true,\"text_align\":\"center\",\"title_color\":\"warning\",\"title_element\":\"h4\",\"title_style\":\"text-large\"}},{\"type\":\"headline\",\"props\":{\"content\":\"Rose Hip Hill\",\"css\":\".el-element {\\nfilter: drop-shadow(2px 1px 3px rgb(0 0 0 \\\/ 0.86));\\n}\",\"margin_remove_top\":true,\"text_align\":\"center\",\"title_color\":\"warning\",\"title_element\":\"h1\",\"title_style\":\"heading-large\"}},{\"type\":\"divider\",\"props\":{\"css\":\".el-element  {\\nfilter: invert(100%) sepia(100%) saturate(0%) brightness(150%) contrast(150%) drop-shadow(2px 1px 3px rgb(0 0 0 \\\/ 0.86));;\\n}\",\"divider_element\":\"hr\",\"divider_style\":\"icon\"}}]}],\"props\":{\"margin\":\"xlarge\",\"match\":false,\"row_gap\":\"large\"}}],\"name\":\"Top pagina\"},{\"name\":\"Contact\",\"type\":\"section\",\"props\":{\"animation\":\"fade\",\"image_position\":\"center-center\",\"image_size\":\"cover\",\"media\":\"images\\\/demo\\\/demo-image_01.jpg\",\"padding\":\"large\",\"padding_remove_bottom\":true,\"style\":\"default\",\"title_breakpoint\":\"xl\",\"title_position\":\"top-left\",\"title_rotation\":\"left\",\"vertical_align\":\"middle\",\"width\":\"default\"},\"children\":[{\"type\":\"row\",\"children\":[{\"type\":\"column\",\"props\":{\"image_position\":\"center-center\",\"position_sticky_breakpoint\":\"m\",\"width_medium\":\"1-1\"},\"children\":[{\"type\":\"headline\",\"props\":{\"content\":\"Suntem aici s\\u0103 \\u00ee\\u021bi r\\u0103spundem la orice \\u00eentrebare!\",\"maxwidth\":\"2xlarge\",\"text_align\":\"left\",\"title_color\":\"emphasis\",\"title_element\":\"h2\"}},{\"type\":\"divider\",\"props\":{\"divider_element\":\"div\",\"divider_style\":\"small\"}},{\"type\":\"text\",\"props\":{\"column_breakpoint\":\"m\",\"content\":\"\n\n<p>Suntem interesa\\u021bi s\\u0103 afl\\u0103m p\\u0103rerea ta! Trimite-ne un email \\u0219i te vom contacta c\\u00e2t putem de repede.<\\\/p>\",\"margin\":\"medium\",\"maxwidth\":\"xlarge\",\"text_align\":\"left\"}},{\"type\":\"button\",\"props\":{\"grid_column_gap\":\"small\",\"grid_row_gap\":\"small\",\"margin\":\"default\"},\"children\":[{\"type\":\"button_item\",\"props\":{\"button_style\":\"default\",\"content\":\"Trimite mesaj\",\"icon_align\":\"left\",\"link\":\"mailto:contact@rosehiphill.ro\"}}]}]}]},{\"type\":\"row\",\"props\":{\"column_gap\":\"large\",\"layout\":\"1-3,1-3,1-3\",\"margin\":\"xlarge\",\"row_gap\":\"large\",\"width\":\"default\"},\"children\":[{\"type\":\"column\",\"props\":{\"image_position\":\"center-center\",\"position_sticky_breakpoint\":\"m\",\"width_medium\":\"1-3\"},\"children\":[{\"type\":\"headline\",\"props\":{\"content\":\"Intr\\u0103 \\u00een leg\\u0103tur\\u0103 cu noi\",\"margin\":\"medium\",\"margin_remove_bottom\":true,\"status\":\"disabled\",\"title_decoration\":\"divider\",\"title_element\":\"h2\",\"title_style\":\"h4\"}},{\"type\":\"text\",\"props\":{\"column_breakpoint\":\"m\",\"content\":\"\n\n<p>Adresa sediu social: Valea T\\u00e2rnei 30, Jud. Bihor<br \\\/>Adresa Agropensiune: Valea T\\u00e2rnei nr. 54<br \\\/>Adresa Rose Hip Hill Farm: Valea T\\u00e2rnei nr. 30<\\\/p>\",\"margin\":\"default\",\"status\":\"disabled\",\"text_align\":\"left\"}}]},{\"type\":\"column\",\"props\":{\"image_position\":\"center-center\",\"position_sticky_breakpoint\":\"m\",\"width_medium\":\"1-3\"},\"children\":[{\"type\":\"headline\",\"props\":{\"content\":\"Program pensiune \\u0219i ferm\\u0103\",\"margin\":\"medium\",\"margin_remove_bottom\":true,\"status\":\"disabled\",\"title_decoration\":\"divider\",\"title_element\":\"h2\",\"title_style\":\"h4\"}},{\"type\":\"description_list\",\"props\":{\"column_breakpoint\":\"m\",\"layout\":\"grid-2\",\"list_element\":\"ul\",\"meta_align\":\"below-content\",\"meta_style\":\"text-meta\",\"show_content\":true,\"show_link\":true,\"show_meta\":true,\"show_title\":true,\"status\":\"disabled\",\"title_element\":\"div\",\"title_grid_column_gap\":\"small\",\"title_grid_row_gap\":\"small\",\"title_grid_width\":\"small\"},\"children\":[{\"type\":\"description_list_item\",\"props\":{\"content\":\"\n\n<p>8<sup>00<\\\/sup> - 24<sup>00<\\\/sup><\\\/p>\",\"title\":\"Luni - Vineri\"}},{\"type\":\"description_list_item\",\"props\":{\"content\":\"\n\n<p>8<sup>00<\\\/sup> - 24<sup>00<\\\/sup><\\\/p>\",\"title\":\"S\\u00e2m\\\/Dum\"}}]}]},{\"type\":\"column\",\"props\":{\"image_position\":\"center-center\",\"position_sticky_breakpoint\":\"m\",\"width_medium\":\"1-3\"},\"children\":[{\"type\":\"headline\",\"props\":{\"content\":\"Contact\",\"margin_remove_bottom\":false,\"title_decoration\":\"divider\",\"title_element\":\"h2\",\"title_style\":\"h4\"}},{\"type\":\"text\",\"props\":{\"column_breakpoint\":\"m\",\"content\":\"\n\n<p><a class=\\\"uk-link-reset\\\" href=\\\"tel:+40755759059\\\">+40 755 759 059<\\\/a><br \\\/><a class=\\\"uk-link-reset\\\" href=\\\"mailto:contact@rosehiphill.ro\\\">contact@rosehiphill.ro<\\\/a><\\\/p>\",\"margin\":\"remove-vertical\",\"margin_remove_bottom\":true}}]}]}]},{\"type\":\"section\",\"props\":{\"image_position\":\"center-center\",\"padding\":\"small\",\"padding_remove_top\":false,\"style\":\"default\",\"title_breakpoint\":\"xl\",\"title_position\":\"top-left\",\"title_rotation\":\"left\",\"vertical_align\":\"middle\",\"width\":\"default\"},\"children\":[{\"type\":\"row\",\"props\":{\"layout\":\"1-5,3-5,1-5\"},\"children\":[{\"type\":\"column\",\"props\":{\"image_position\":\"center-center\",\"position_sticky_breakpoint\":\"m\",\"width_medium\":\"1-5\"}},{\"type\":\"column\",\"props\":{\"image_position\":\"center-center\",\"position_sticky_breakpoint\":\"m\",\"width_medium\":\"3-5\"},\"children\":[{\"type\":\"headline\",\"props\":{\"content\":\"Verific\\u0103 disponibilitatea:\",\"margin\":\"medium\",\"margin_remove_bottom\":false,\"text_align\":\"center\",\"title_element\":\"h3\"}},{\"type\":\"fragment\",\"children\":[{\"type\":\"row\",\"props\":{\"layout\":\"1-4,1-2,1-4\",\"margin\":\"small\",\"margin_remove_top\":false},\"children\":[{\"type\":\"column\",\"props\":{\"image_position\":\"center-center\",\"position_sticky_breakpoint\":\"m\",\"vertical_align\":\"middle\",\"width_medium\":\"1-4\"}},{\"type\":\"column\",\"props\":{\"image_position\":\"center-center\",\"position_sticky_breakpoint\":\"m\",\"width_medium\":\"1-2\"},\"children\":[{\"type\":\"button\",\"props\":{\"fullwidth\":true,\"grid_column_gap\":\"small\",\"grid_row_gap\":\"small\",\"margin\":\"default\",\"text_align\":\"center\"},\"children\":[{\"type\":\"button_item\",\"props\":{\"button_style\":\"primary\",\"content\":\"Calendar\",\"icon\":\"calendar\",\"icon_align\":\"left\",\"link\":\"calendar2\\\/\"}}]}]},{\"type\":\"column\",\"props\":{\"image_position\":\"center-center\",\"position_sticky_breakpoint\":\"m\",\"width_medium\":\"1-4\"}}]}],\"props\":{\"margin\":\"default\"}}]},{\"type\":\"column\",\"props\":{\"image_position\":\"center-center\",\"position_sticky_breakpoint\":\"m\",\"width_medium\":\"1-5\"}}]}],\"name\":\"disponibilitate\"},{\"type\":\"section\",\"props\":{\"image_position\":\"center-center\",\"style\":\"default\",\"title_breakpoint\":\"xl\",\"title_position\":\"top-left\",\"title_rotation\":\"left\",\"vertical_align\":\"middle\",\"width\":\"default\"},\"children\":[{\"type\":\"row\",\"children\":[{\"type\":\"column\",\"props\":{\"image_position\":\"center-center\",\"position_sticky_breakpoint\":\"m\"},\"children\":[{\"type\":\"html\",\"props\":{\"content\":\"\n\n<p> <iframe width=\\\"100%\\\" height=\\\"350\\\" frameborder=\\\"0\\\" scrolling=\\\"no\\\" marginheight=\\\"0\\\" marginwidth=\\\"0\\\"\\n        src=\\\"https:\\\/\\\/www.google.com\\\/maps\\\/embed?pb=!1m18!1m12!1m3!1d6180.815094582033!2d22.54101670753356!3d47.14283255871534!2m3!1f0!2f0!3f0!3m2!1i1024!2i768!4f1585!3m3!1m2!1s0x47487f78284c1687%3A0xacb99153782273d6!2sRose+Hip+Hill+Farm!5e0!3m2!1sen!2sro!4v1537604214947\\\"><\\\/iframe>\\n<\\\/p>\"}}]}]}]}],\"version\":\"4.3.5\"} --><\/p>","protected":false},"excerpt":{"rendered":"<p>Contact Rose Hip Hill Suntem aici s\u0103 \u00ee\u021bi r\u0103spundem la orice \u00eentrebare! Suntem interesa\u021bi s\u0103 afl\u0103m p\u0103rerea ta! Trimite-ne un email \u0219i te vom contacta c\u00e2t putem de repede. Trimite mesaj Contact +40 755 759 059contact@rosehiphill.ro Verific\u0103 disponibilitatea: Calendar<\/p>","protected":false},"author":2,"featured_media":2907,"parent":0,"menu_order":0,"comment_status":"closed","ping_status":"closed","template":"","meta":{"_acf_changed":false,"footnotes":""},"class_list":["post-2753","page","type-page","status-publish","has-post-thumbnail","hentry"],"acf":[],"jetpack_sharing_enabled":true,"jetpack_likes_enabled":true,"jetpack-related-posts":[{"id":2733,"url":"https:\/\/rosehiphill.ro\/hu\/termeni-si-conditii\/","url_meta":{"origin":2753,"position":0},"title":"Termeni \u0219i condi\u021bii","author":"Nicolaie Toth","date":"20 m\u00e1rcius, 2023","format":false,"excerpt":"Termeni \u0219i condi\u021bii Rose Hip Hill Prevederi generale Site-ul www.rosehiphill.ro, este de\u021binut de c\u0103tre ROSE HIP HILL SRL, societate de drept rom\u00e2n, cu sediul social \u00een Valea T\u00e2rnei 30, jude\u021bul Bihor, \u00eenregistrat\u0103 la Registrul Comer\u021bului sub nr. J05\/592\/2016, avand Cod Unic de \u00cenregistrare RO35821033, atribut fiscal RO. Nota de Informare\u2026","rel":"","context":"Similar post","block_context":{"text":"Similar post","link":""},"img":{"alt_text":"","src":"","width":0,"height":0},"classes":[]},{"id":2747,"url":"https:\/\/rosehiphill.ro\/hu\/politica-de-confidentialitate\/","url_meta":{"origin":2753,"position":1},"title":"Politica de confiden\u021bialitate","author":"Nicolaie Toth","date":"20 m\u00e1rcius, 2023","format":false,"excerpt":"Politica de confiden\u021bialitate Rose Hip Hill Introducere Societatea comercial\u0103 ROSE HIP HILL SRL, \u00een calitate de autor, proprietar \u0219i administrator al site-ului web www.rosehiphill.ro, respect\u0103 caracterul privat \u0219i securitatea prelucr\u0103rii datelor cu caracter personal pentru fiecare persoan\u0103 care acceseaz\u0103 site-ul web \u00een vederea efectu\u0103rii de comenzi online. \u00cen conformitate cu\u2026","rel":"","context":"Similar post","block_context":{"text":"Similar post","link":""},"img":{"alt_text":"","src":"","width":0,"height":0},"classes":[]}],"_links":{"self":[{"href":"https:\/\/rosehiphill.ro\/hu\/wp-json\/wp\/v2\/pages\/2753","targetHints":{"allow":["GET"]}}],"collection":[{"href":"https:\/\/rosehiphill.ro\/hu\/wp-json\/wp\/v2\/pages"}],"about":[{"href":"https:\/\/rosehiphill.ro\/hu\/wp-json\/wp\/v2\/types\/page"}],"author":[{"embeddable":true,"href":"https:\/\/rosehiphill.ro\/hu\/wp-json\/wp\/v2\/users\/2"}],"replies":[{"embeddable":true,"href":"https:\/\/rosehiphill.ro\/hu\/wp-json\/wp\/v2\/comments?post=2753"}],"version-history":[{"count":3,"href":"https:\/\/rosehiphill.ro\/hu\/wp-json\/wp\/v2\/pages\/2753\/revisions"}],"predecessor-version":[{"id":4194,"href":"https:\/\/rosehiphill.ro\/hu\/wp-json\/wp\/v2\/pages\/2753\/revisions\/4194"}],"wp:featuredmedia":[{"embeddable":true,"href":"https:\/\/rosehiphill.ro\/hu\/wp-json\/wp\/v2\/media\/2907"}],"wp:attachment":[{"href":"https:\/\/rosehiphill.ro\/hu\/wp-json\/wp\/v2\/media?parent=2753"}],"curies":[{"name":"wp","href":"https:\/\/api.w.org\/{rel}","templated":true}]}}