{"id":4467,"date":"2026-02-12T20:38:13","date_gmt":"2026-02-12T18:38:13","guid":{"rendered":"https:\/\/rosehiphill.ro\/?page_id=4467"},"modified":"2026-02-20T22:36:13","modified_gmt":"2026-02-20T20:36:13","slug":"proba-stripe","status":"publish","type":"page","link":"https:\/\/rosehiphill.ro\/hu\/proba-stripe\/","title":{"rendered":"Proba stripe"},"content":{"rendered":"","protected":true},"excerpt":{"rendered":"","protected":true},"author":3,"featured_media":0,"parent":0,"menu_order":0,"comment_status":"closed","ping_status":"closed","template":"","meta":{"_acf_changed":false,"footnotes":""},"class_list":["post-4467","page","type-page","status-publish","post-password-required","hentry"],"acf":[],"jetpack_sharing_enabled":true,"jetpack_likes_enabled":true,"jetpack-related-posts":[{"id":2549,"url":"https:\/\/rosehiphill.ro\/hu\/cazare-la-ferma\/","url_meta":{"origin":4467,"position":0},"title":"Cazare la ferma Rose Hip Hill","author":"Nicolaie Toth","date":"14 m\u00e1rcius, 2023","format":false,"excerpt":"Cazare la ferma Rose Hip Hill Ferma Rose Hip Hill este acas\u0103 pentru familia noastr\u0103, dar \u0219i pentru cei care petrec c\u00e2teva zile la noi. Un loc potrivit pentru a petrece timpul cu familia, pentru a te relaxa, pentru a ie\u0219i din cotidian.Un loc potrivit, de asemnea, pentru copii, ace\u0219tia\u2026","rel":"","context":"Similar post","block_context":{"text":"Similar post","link":""},"img":{"alt_text":"","src":"https:\/\/i0.wp.com\/rosehiphill.ro\/wp-content\/uploads\/2023\/03\/galerie-copii-pe-gard.jpg?resize=350%2C200&ssl=1","width":350,"height":200,"srcset":"https:\/\/i0.wp.com\/rosehiphill.ro\/wp-content\/uploads\/2023\/03\/galerie-copii-pe-gard.jpg?resize=350%2C200&ssl=1 1x, https:\/\/i0.wp.com\/rosehiphill.ro\/wp-content\/uploads\/2023\/03\/galerie-copii-pe-gard.jpg?resize=525%2C300&ssl=1 1.5x, https:\/\/i0.wp.com\/rosehiphill.ro\/wp-content\/uploads\/2023\/03\/galerie-copii-pe-gard.jpg?resize=700%2C400&ssl=1 2x"},"classes":[]},{"id":2631,"url":"https:\/\/rosehiphill.ro\/hu\/cazare-la-agropensiune\/","url_meta":{"origin":4467,"position":1},"title":"Cazare la agropensiune","author":"Nicolaie Toth","date":"18 m\u00e1rcius, 2023","format":false,"excerpt":"Cazare la agropensiune Rose Hip Hill Agropensiunea Rose Hip Hill, v\u0103\u00a0 a\u0219teapt\u0103 \u00eentr-un peisaj pitoresc, retras \u0219i lini\u0219tit O construc\u021bie luminoas\u0103 cu design minimalist \u0219i dot\u0103ri maximale, av\u00e2nd un peisaj pitoresc, pensiunea noastr\u0103 \u00ee\u0219i prime\u0219te oaspe\u021bii cu un confort or\u0103\u0219enesc, de\u0219i este a\u0219ezat\u0103 \u00eentr-o livad\u0103 tradi\u021bional\u0103 de patru hectare, aproape\u2026","rel":"","context":"Similar post","block_context":{"text":"Similar post","link":""},"img":{"alt_text":"","src":"https:\/\/i0.wp.com\/rosehiphill.ro\/wp-content\/uploads\/2023\/03\/Rosehiphill-Guesthouse-Elder-1.jpg?resize=350%2C200&ssl=1","width":350,"height":200,"srcset":"https:\/\/i0.wp.com\/rosehiphill.ro\/wp-content\/uploads\/2023\/03\/Rosehiphill-Guesthouse-Elder-1.jpg?resize=350%2C200&ssl=1 1x, https:\/\/i0.wp.com\/rosehiphill.ro\/wp-content\/uploads\/2023\/03\/Rosehiphill-Guesthouse-Elder-1.jpg?resize=525%2C300&ssl=1 1.5x, https:\/\/i0.wp.com\/rosehiphill.ro\/wp-content\/uploads\/2023\/03\/Rosehiphill-Guesthouse-Elder-1.jpg?resize=700%2C400&ssl=1 2x"},"classes":[]},{"id":2606,"url":"https:\/\/rosehiphill.ro\/hu\/servicii\/","url_meta":{"origin":4467,"position":2},"title":"Servicii","author":"Nicolaie Toth","date":"16 m\u00e1rcius, 2023","format":false,"excerpt":"Servicii Rose Hip Hill La ferma Rose Hip Hill, pe l\u00e2ng\u0103 cultivarea fructelor, a plantelor organice \u0219i cre\u0219terea animalelor, oferim \u0219i cazare pentru oaspe\u021bi, \u00eentr-o loca\u021bie potrivit\u0103 pentru evenimente de familie, \u0219i teambuilding.\u00a0 Descoper\u0103 natura \u00een dealurile fabuloase ale Transilvaniei.Cei care aleg s\u0103 se cazeze la ferma noastr\u0103, pot lua\u2026","rel":"","context":"Similar post","block_context":{"text":"Similar post","link":""},"img":{"alt_text":"","src":"https:\/\/i0.wp.com\/rosehiphill.ro\/wp-content\/uploads\/2023\/03\/Rosehiphill-Guesthouse-living-2.jpg?resize=350%2C200&ssl=1","width":350,"height":200,"srcset":"https:\/\/i0.wp.com\/rosehiphill.ro\/wp-content\/uploads\/2023\/03\/Rosehiphill-Guesthouse-living-2.jpg?resize=350%2C200&ssl=1 1x, https:\/\/i0.wp.com\/rosehiphill.ro\/wp-content\/uploads\/2023\/03\/Rosehiphill-Guesthouse-living-2.jpg?resize=525%2C300&ssl=1 1.5x, https:\/\/i0.wp.com\/rosehiphill.ro\/wp-content\/uploads\/2023\/03\/Rosehiphill-Guesthouse-living-2.jpg?resize=700%2C400&ssl=1 2x"},"classes":[]},{"id":2794,"url":"https:\/\/rosehiphill.ro\/hu\/blog\/","url_meta":{"origin":4467,"position":3},"title":"Blog","author":"Nicolaie Toth","date":"21 m\u00e1rcius, 2023","format":false,"excerpt":"Blog Rose Hip Hill Hai s\u0103 bem o cafea... Vom \u00eemp\u0103rt\u0103\u0219i nout\u0103\u021bi de la Rose Hip Hill, despre via\u021ba la \u021bar\u0103, ideile \u0219i principiile noastre... Carnea de Capr\u0103 de la Rose Hip Hill 14 August 2025 La Rose Hip Hill, carnea de capr\u0103 este ingredientul principal \u00een preparate variate, cum\u2026","rel":"","context":"Similar post","block_context":{"text":"Similar post","link":""},"img":{"alt_text":"","src":"https:\/\/i0.wp.com\/rosehiphill.ro\/wp-content\/uploads\/2023\/05\/1160066-scaled.jpg?resize=350%2C200&ssl=1","width":350,"height":200,"srcset":"https:\/\/i0.wp.com\/rosehiphill.ro\/wp-content\/uploads\/2023\/05\/1160066-scaled.jpg?resize=350%2C200&ssl=1 1x, https:\/\/i0.wp.com\/rosehiphill.ro\/wp-content\/uploads\/2023\/05\/1160066-scaled.jpg?resize=525%2C300&ssl=1 1.5x, https:\/\/i0.wp.com\/rosehiphill.ro\/wp-content\/uploads\/2023\/05\/1160066-scaled.jpg?resize=700%2C400&ssl=1 2x, https:\/\/i0.wp.com\/rosehiphill.ro\/wp-content\/uploads\/2023\/05\/1160066-scaled.jpg?resize=1050%2C600&ssl=1 3x, https:\/\/i0.wp.com\/rosehiphill.ro\/wp-content\/uploads\/2023\/05\/1160066-scaled.jpg?resize=1400%2C800&ssl=1 4x"},"classes":[]},{"id":3196,"url":"https:\/\/rosehiphill.ro\/hu\/","url_meta":{"origin":4467,"position":4},"title":"Acas\u0103","author":"Nicolaie Toth","date":"12 \u00e1prilis, 2023","format":false,"excerpt":"Ferm\u0103 -Agropensiune Rose Hip Hill Rose Hip Hill, un loc cu mult\u0103 bun\u0103voin\u021b\u0103 \u0219i binecuv\u00e2nt\u0103ri C\u00e2nd te saturi de prea mult\u0103 poluare \u0219i de zgomotul ora\u0219ului, \u00ee\u021bi dore\u0219ti s\u0103 evadezi la \u021bar\u0103. Ba mai mult, \u00ee\u021bi dore\u0219ti un loc cu case r\u0103sfirate, departe de traficul ma\u0219inilor \u0219i ferit de ochii\u2026","rel":"","context":"Similar post","block_context":{"text":"Similar post","link":""},"img":{"alt_text":"Pensiune Sinteu","src":"https:\/\/i0.wp.com\/rosehiphill.ro\/wp-content\/uploads\/2024\/04\/cropped-RoseHipHill-logo-2024.png?resize=350%2C200&ssl=1","width":350,"height":200},"classes":[]},{"id":2819,"url":"https:\/\/rosehiphill.ro\/hu\/regulamentul-pensiunii\/","url_meta":{"origin":4467,"position":5},"title":"Regulamentul pensiunii","author":"Nicolaie Toth","date":"21 m\u00e1rcius, 2023","format":false,"excerpt":"Regulamentul pensiunii Rose Hip Hill Prevederi generale 1. Fumatul este interzis peste tot \u00een interior, inclusiv pe balcoanele camerelor. 2. Aprinderea lum\u00e2n\u0103rilor, sau a altor produse inflamabile este interzis. 3. Organizarea de partyuri este permis\u0103 doar cu acordul proprietarului. 4. Decorarea spa\u021biului, cu ocazia unor evenimente, este permis\u0103 doar cu\u2026","rel":"","context":"Similar post","block_context":{"text":"Similar post","link":""},"img":{"alt_text":"","src":"","width":0,"height":0},"classes":[]}],"_links":{"self":[{"href":"https:\/\/rosehiphill.ro\/hu\/wp-json\/wp\/v2\/pages\/4467","targetHints":{"allow":["GET"]}}],"collection":[{"href":"https:\/\/rosehiphill.ro\/hu\/wp-json\/wp\/v2\/pages"}],"about":[{"href":"https:\/\/rosehiphill.ro\/hu\/wp-json\/wp\/v2\/types\/page"}],"author":[{"embeddable":true,"href":"https:\/\/rosehiphill.ro\/hu\/wp-json\/wp\/v2\/users\/3"}],"replies":[{"embeddable":true,"href":"https:\/\/rosehiphill.ro\/hu\/wp-json\/wp\/v2\/comments?post=4467"}],"version-history":[{"count":6,"href":"https:\/\/rosehiphill.ro\/hu\/wp-json\/wp\/v2\/pages\/4467\/revisions"}],"predecessor-version":[{"id":4480,"href":"https:\/\/rosehiphill.ro\/hu\/wp-json\/wp\/v2\/pages\/4467\/revisions\/4480"}],"wp:attachment":[{"href":"https:\/\/rosehiphill.ro\/hu\/wp-json\/wp\/v2\/media?parent=4467"}],"curies":[{"name":"wp","href":"https:\/\/api.w.org\/{rel}","templated":true}]}}